{"id":42,"date":"2018-04-21T12:52:21","date_gmt":"2018-04-21T10:52:21","guid":{"rendered":"http:\/\/www.agenziawebdeveloper.it\/portale\/?page_id=42"},"modified":"2024-07-19T17:35:41","modified_gmt":"2024-07-19T15:35:41","slug":"calendario-scolastico-a-s-2020-21","status":"publish","type":"page","link":"https:\/\/portalescuola.comune.palermo.it\/?page_id=42","title":{"rendered":"Calendario educativo 2024\/25"},"content":{"rendered":"<p>[vc_row css_animation=&#8221;&#8221; row_type=&#8221;row&#8221; use_row_as_full_screen_section=&#8221;no&#8221; type=&#8221;full_width&#8221; angled_section=&#8221;no&#8221; text_align=&#8221;left&#8221; background_image_as_pattern=&#8221;without_pattern&#8221; css=&#8221;.vc_custom_1550053327022{margin-bottom: 100px !important;}&#8221; z_index=&#8221;&#8221;][vc_column width=&#8221;2\/3&#8243;][vc_column_text]I servizi per la prima infanzia riapriranno all&#8217;utenza il <strong>9\u00a0settembre 2024<\/strong> dalle ore 7:30 alle ore 13:30. Sar\u00e0 compito degli educatori stabilire le modalit\u00e0 e i tempi d&#8217;inserimento dei bambini e delle bambine, in un clima di fattiva collaborazione finalizzata alla creazione di rasserenanti rapporti relazionali con le famiglie.<\/p>\n<p>[vc_separator type=&#8217;transparent&#8217; position=&#8217;center&#8217; color=&#8221; thickness=&#8217;10&#8217; up=&#8217;10&#8217; down=&#8221;]<\/p>\n<p>Da luned\u00ec\u00a0<strong>16 settembre 2024<\/strong> le bambine e i bambini frequenteranno le strutture secondo la fascia oraria prescelta (7:30-13:30 o\u00a0 7:30-15:30) usufruendo del <strong>servizio mensa<\/strong>.<\/p>\n<p>[vc_separator type=&#8217;transparent&#8217; position=&#8217;center&#8217; color=&#8221; thickness=&#8217;10&#8217; up=&#8217;10&#8217; down=&#8221;]<\/p>\n<p>Le <strong>attivit\u00e0 educative sono sospese<\/strong> nelle giornate di sabato e domenica, nonch\u00e9 nei giorni di festa previsti dal calendario nazionale e dal Decreto assessoriale n.279 della Regione Siciliana dell&#8217; 11 aprile 2024:<\/p>\n<p>[vc_separator type=&#8217;transparent&#8217; position=&#8217;center&#8217; color=&#8221; thickness=&#8217;10&#8217; up=&#8217;10&#8217; down=&#8221;][\/vc_column_text]<div class=\"q_icon_list\"><i class=\"qode_icon_font_awesome fa fa-hand-o-right qode-ili-icon-holder transparent\" style=\"color: #b1c800;\" ><\/i><p style=\"color:#818181;font-weight: 500;\">1 novembre 2024 - Ognissanti<\/p><\/div><div class=\"q_icon_list\"><i class=\"qode_icon_font_awesome fa fa-hand-o-right qode-ili-icon-holder transparent\" style=\"color: #b1c800;\" ><\/i><p style=\"color:#818181;font-weight: 500;\">dal 23 dicembre 2024 al 6 gennaio 2025 - Vacanze di Natale<\/p><\/div><div class=\"q_icon_list\"><i class=\"qode_icon_font_awesome fa fa-hand-o-right qode-ili-icon-holder transparent\" style=\"color: #b1c800;\" ><\/i><p style=\"color:#818181;font-weight: 500;\">dal 17 aprile al 22 aprile 2025 - Vacanze di Pasqua<\/p><\/div><div class=\"q_icon_list\"><i class=\"qode_icon_font_awesome fa fa-hand-o-right qode-ili-icon-holder transparent\" style=\"color: #b1c800;\" ><\/i><p style=\"color:#818181;font-weight: 500;\">25 aprile 2025 - Festa della Liberazione<\/p><\/div><div class=\"q_icon_list\"><i class=\"qode_icon_font_awesome fa fa-hand-o-right qode-ili-icon-holder transparent\" style=\"color: #b1c800;\" ><\/i><p style=\"color:#818181;font-weight: 500;\">1 maggio 2025 - Festa dei Lavoratori<\/p><\/div><div class=\"q_icon_list\"><i class=\"qode_icon_font_awesome fa fa-hand-o-right qode-ili-icon-holder transparent\" style=\"color: #b1c800;\" ><\/i><p style=\"color:#818181;font-weight: 500;\">2 maggio 2025 - Ponte<\/p><\/div><div class=\"q_icon_list\"><i class=\"qode_icon_font_awesome fa fa-hand-o-right qode-ili-icon-holder transparent\" style=\"color: #b1c800;\" ><\/i><p style=\"color:#818181;font-weight: 500;\">2 giugno 2025 - Festa della Repubblica<\/p><\/div><div class=\"q_icon_list\"><i class=\"qode_icon_font_awesome fa fa-hand-o-right qode-ili-icon-holder transparent\" style=\"color: #b1c800;\" ><\/i><p style=\"color:#818181;font-weight: 500;\">dal 01 al 31 luglio 2025 ove non venga programmata dall\u2019Amministrazione nessuna attivit\u00e0<\/p><\/div><div class=\"q_icon_list\"><i class=\"qode_icon_font_awesome fa fa-hand-o-right qode-ili-icon-holder transparent\" style=\"color: #b1c800;\" ><\/i><p style=\"color:#818181;font-weight: 500;\">dal 01 al 31 agosto 2025<\/p><\/div>[vc_column_text]<strong>II personale educatore a tempo pieno e indeterminato<\/strong>, ai sensi dell&#8217;art. 87 del CCNL integrativo vigente,<strong> dovr\u00e0 svolgere un minimo di 125 ore di attivit\u00e0 integrative annue<\/strong> (elevabili a 200 ore in caso di organizzazione di corsi di aggiornamento e\/o di formazione, partecipazione ad iniziative attestate utili alla crescita professionale, nonch\u00e9 ad attivit\u00e0 da svolgersi individualmente verificabili tramite attestazioni, purch\u00e9 coerenti al profilo professionale, previa autorizzazione del Dirigente) cos\u00ec articolate:<\/p>\n<p>[vc_separator type=&#8217;transparent&#8217; position=&#8217;center&#8217; color=&#8221; thickness=&#8217;10&#8217; up=&#8217;10&#8217; down=&#8221;][\/vc_column_text]<div class=\"q_icon_list\"><i class=\"qode_icon_font_awesome fa fa-hand-o-right qode-ili-icon-holder transparent\" style=\"color: #637bb7;\" ><\/i><p style=\"color:#818181;font-weight: 500;\">20 ore dal 2 al 6 settembre 2024, dalle 8.00 alle 12.00<\/p><\/div><div class=\"q_icon_list\"><i class=\"qode_icon_font_awesome fa fa-hand-o-right qode-ili-icon-holder transparent\" style=\"color: #637bb7;\" ><\/i><p style=\"color:#818181;font-weight: 500;\">105 ore con rientri della durata minima di 3 ore ciascuno, da effettuare da ottobre 2024 a giugno 2025, di norma il mercoled\u00ec pomeriggio e\/o altri pomeriggi da programmare periodicamente<\/p><\/div>[vc_column_text]Il <strong>personale educatore a tempo indeterminato e part time<\/strong>, dovr\u00e0 svolgere ore di attivit\u00e0 integrative cos\u00ec articolate:<\/p>\n<p>[vc_separator type=&#8217;transparent&#8217; position=&#8217;center&#8217; color=&#8221; thickness=&#8217;10&#8217; up=&#8217;10&#8217; down=&#8221;][\/vc_column_text]<div class=\"q_icon_list\"><i class=\"qode_icon_font_awesome fa fa-hand-o-right qode-ili-icon-holder transparent\" style=\"color: #e03361;\" ><\/i><p style=\"color:#818181;font-weight: 500;\">tra il 2 e il 4 settembre 2024: 4 ore e 20 minuti in totale, concordando con la Responsabile le modalit\u00e0 orarie del servizio da effettuare<\/p><\/div><div class=\"q_icon_list\"><i class=\"qode_icon_font_awesome fa fa-hand-o-right qode-ili-icon-holder transparent\" style=\"color: #e03361;\" ><\/i><p style=\"color:#818181;font-weight: 500;\">2 rientri pomeridiani al mese della durata di 2 ore e 10 minuti ciascuno, da effettuare da ottobre 2024 a giugno 2025, di norma il mercoled\u00ec pomeriggio<\/p><\/div>[vc_column_text]Le attivit\u00e0 integrative dovranno, a titolo esemplificativo e non esaustivo, essere dedicate ad attivit\u00e0 di programmazione, di documentazione e valutazione, compilazione e monitoraggio delle schede di inserimento dei bambini e delle bambine, incontri con i genitori di sezione o di intersezione, gruppi di lavoro con i referenti educativi nonch\u00e9 per attivit\u00e0 ed iniziative legate al percorso 0\/6 anni.[\/vc_column_text][\/vc_column][vc_column width=&#8221;1\/3&#8243;][vc_single_image image=&#8221;357&#8243; img_size=&#8221;full&#8221; qode_css_animation=&#8221;&#8221;][\/vc_column][\/vc_row]<\/p>\n","protected":false},"excerpt":{"rendered":"<p>[vc_row css_animation=&#8221;&#8221; row_type=&#8221;row&#8221; use_row_as_full_screen_section=&#8221;no&#8221; type=&#8221;full_width&#8221; angled_section=&#8221;no&#8221; text_align=&#8221;left&#8221; background_image_as_pattern=&#8221;without_pattern&#8221; css=&#8221;.vc_custom_1550053327022{margin-bottom: 100px !important;}&#8221; z_index=&#8221;&#8221;][vc_column width=&#8221;2\/3&#8243;][vc_column_text]I servizi per la prima infanzia riapriranno all&#8217;utenza il 9\u00a0settembre 2024 dalle ore 7:30 alle ore 13:30. Sar\u00e0 compito degli educatori stabilire le modalit\u00e0 e i tempi d&#8217;inserimento dei bambini e delle bambine,&#8230;<\/p>\n","protected":false},"author":1,"featured_media":0,"parent":11,"menu_order":0,"comment_status":"closed","ping_status":"closed","template":"","meta":[],"_links":{"self":[{"href":"https:\/\/portalescuola.comune.palermo.it\/index.php?rest_route=\/wp\/v2\/pages\/42"}],"collection":[{"href":"https:\/\/portalescuola.comune.palermo.it\/index.php?rest_route=\/wp\/v2\/pages"}],"about":[{"href":"https:\/\/portalescuola.comune.palermo.it\/index.php?rest_route=\/wp\/v2\/types\/page"}],"author":[{"embeddable":true,"href":"https:\/\/portalescuola.comune.palermo.it\/index.php?rest_route=\/wp\/v2\/users\/1"}],"replies":[{"embeddable":true,"href":"https:\/\/portalescuola.comune.palermo.it\/index.php?rest_route=%2Fwp%2Fv2%2Fcomments&post=42"}],"version-history":[{"count":35,"href":"https:\/\/portalescuola.comune.palermo.it\/index.php?rest_route=\/wp\/v2\/pages\/42\/revisions"}],"predecessor-version":[{"id":15780,"href":"https:\/\/portalescuola.comune.palermo.it\/index.php?rest_route=\/wp\/v2\/pages\/42\/revisions\/15780"}],"up":[{"embeddable":true,"href":"https:\/\/portalescuola.comune.palermo.it\/index.php?rest_route=\/wp\/v2\/pages\/11"}],"wp:attachment":[{"href":"https:\/\/portalescuola.comune.palermo.it\/index.php?rest_route=%2Fwp%2Fv2%2Fmedia&parent=42"}],"curies":[{"name":"wp","href":"https:\/\/api.w.org\/{rel}","templated":true}]}}