{"id":3305,"date":"2018-12-11T17:53:18","date_gmt":"2018-12-11T16:53:18","guid":{"rendered":"https:\/\/portalescuola.comune.palermo.it\/?page_id=3305"},"modified":"2025-11-12T12:15:16","modified_gmt":"2025-11-12T11:15:16","slug":"breve-guida-al-servizio-di-refezione-scolastica","status":"publish","type":"page","link":"https:\/\/portalescuola.comune.palermo.it\/?page_id=3305","title":{"rendered":"Breve guida al servizio di refezione scolastica"},"content":{"rendered":"<p>[vc_row css_animation=&#8221;&#8221; row_type=&#8221;row&#8221; use_row_as_full_screen_section=&#8221;no&#8221; type=&#8221;full_width&#8221; angled_section=&#8221;no&#8221; text_align=&#8221;left&#8221; background_image_as_pattern=&#8221;without_pattern&#8221;][vc_column]<div class=\"qode-accordion-holder clearfix qode-accordion qode-initial \">\n\t<h4 class=\"clearfix qode-title-holder\">\n<span class=\"qode-tab-title\">\n\t    <span class=\"qode-tab-title-inner\">\n        A chi \u00e8 destinato il servizio?    <\/span>\n<\/span>\n<span class=\"qode-accordion-mark\">\n    <span class=\"qode-accordion-mark-icon\">\n        <span class=\"icon_plus\"><\/span>\n        <span class=\"icon_minus-06\"><\/span>\n    <\/span>\n<\/span>\n<\/h4>\n<div  class=\"qode-accordion-content \" >\n    <div class=\"qode-accordion-content-inner\">\n        [vc_column_text]La refezione scolastica \u00e8 un servizio a domanda individuale, destinato agli alunni e alle alunne che frequentano le scuole pubbliche dell\u2019infanzia, le scuole primarie e le scuole secondarie di primo grado che:<\/p>\n<ul>\n<li>si trovano nel territorio del Comune di Palermo<\/li>\n<li>per le quali \u00e8 prevista la continuit\u00e0 dell\u2019attivit\u00e0 scolastica nel pomeriggio<\/li>\n<li>che ne facciano apposita richiesta<\/li>\n<\/ul>\n<p>[\/vc_column_text]    <\/div>\n<\/div><h4 class=\"clearfix qode-title-holder\">\n<span class=\"qode-tab-title\">\n\t    <span class=\"qode-tab-title-inner\">\n        Come ci si iscrive al servizio?    <\/span>\n<\/span>\n<span class=\"qode-accordion-mark\">\n    <span class=\"qode-accordion-mark-icon\">\n        <span class=\"icon_plus\"><\/span>\n        <span class=\"icon_minus-06\"><\/span>\n    <\/span>\n<\/span>\n<\/h4>\n<div  class=\"qode-accordion-content \" >\n    <div class=\"qode-accordion-content-inner\">\n        [vc_column_text]Per iscriversi \u00e8 necessario accedere alla sezione &#8220;Servizi online&#8221; del Portale Scuola del Comune di Palermo (autenticazione richiesta con Spid o Cie). Per prima cosa andr\u00e0 compilato il modulo relativo all&#8217;ISEE del nucleo familiare <span style=\"text-decoration: underline;\"><a href=\"https:\/\/portal-keysuite.comune.palermo.it\/public\/services?id=41\">(comunica il tuo Isee qui)<\/a><\/span>\u00a0 e successivamente si potr\u00e0 compilare e inviare online la domanda di iscrizione al servizio mensa <a href=\"https:\/\/portal-keysuite.comune.palermo.it\/public\/services?id=81\"><span style=\"text-decoration: underline;\">(compila in modulo per la mensa qui)<\/span><\/a>.<\/p>\n<p>&nbsp;<\/p>\n<p>In alternativa \u00e8 possibile consegnare la domanda compilata (<a href=\"https:\/\/portalescuola.comune.palermo.it\/wp-content\/uploads\/2024\/09\/DOMANDA-ISCRIZIONE-REFEZIONE-2024-2025.pdf\" target=\"_blank\" rel=\"noopener\">scarica il modulo qui<\/a>) alle istituzioni scolastiche, che a loro volta inseriranno i dati all\u2019interno del Portale.[\/vc_column_text]    <\/div>\n<\/div><h4 class=\"clearfix qode-title-holder\">\n<span class=\"qode-tab-title\">\n\t    <span class=\"qode-tab-title-inner\">\n        Che costo ha?    <\/span>\n<\/span>\n<span class=\"qode-accordion-mark\">\n    <span class=\"qode-accordion-mark-icon\">\n        <span class=\"icon_plus\"><\/span>\n        <span class=\"icon_minus-06\"><\/span>\n    <\/span>\n<\/span>\n<\/h4>\n<div  class=\"qode-accordion-content \" >\n    <div class=\"qode-accordion-content-inner\">\n        [vc_column_text]Il servizio di refezione scolastica \u00e8 soggetto al pagamento di un contributo (ticket) che \u00a0varia in base alla situazione economica del nucleo familiare, valutata attraverso il <a href=\"https:\/\/it.wikipedia.org\/wiki\/Indicatore_della_situazione_economica_equivalente\" target=\"_blank\" rel=\"noopener\"><strong>modello ISEE<\/strong><\/a> in corso di validit\u00e0.<\/p>\n<p>Il sistema prevede 11 fasce di contribuzione con l\u2019applicazione delle seguenti tariffe:<\/p>\n<div class=\"table-responsive\" style=\"overflow-x: auto; -webkit-overflow-scrolling: touch;\">\n<table id=\"tb-mobile\" class=\"table table-bordered table-hover aligncenter\">\n<tbody>\n<tr>\n<td class=\"titolotable\"><strong>Fascia<\/strong><\/td>\n<td class=\"titolotable\"><strong>Fasce di reddito stabilite facendo riferimento alla situazione economica equivalente (ISEE)<\/strong><\/td>\n<td class=\"titolotable\"><strong>Giorni di funzionamento<\/strong><\/td>\n<td class=\"titolotable\"><strong>Tariffe mensili<\/strong><\/td>\n<td class=\"titolotable\"><strong>Costo ridotto*<\/strong><\/td>\n<td class=\"titolotable\"><strong>Costo ridotto ulteriore agevolazione**<\/strong><\/td>\n<\/tr>\n<tr>\n<td><strong>01<\/strong><\/td>\n<td>0<\/td>\n<td>1<br \/>\n2<br \/>\n3<br \/>\n4<br \/>\n5<\/td>\n<td>1,20 \u20ac<br \/>\n2,40 \u20ac<br \/>\n3,60 \u20ac<br \/>\n4,80 \u20ac<br \/>\n6,00 \u20ac<\/td>\n<td><\/td>\n<td>1,08 \u20ac<br \/>\n2,16 \u20ac<br \/>\n3,24 \u20ac<br \/>\n4,32 \u20ac<br \/>\n5,40 \u20ac<\/td>\n<\/tr>\n<tr>\n<td><strong>02<\/strong><\/td>\n<td>Da \u20ac 0,01 a \u20ac 1.000,00<\/td>\n<td>1<br \/>\n2<br \/>\n3<br \/>\n4<br \/>\n5<\/td>\n<td>1,40 \u20ac<br \/>\n2,80 \u20ac<br \/>\n4,20 \u20ac<br \/>\n5,60 \u20ac<br \/>\n7,00 \u20ac<\/td>\n<td><\/td>\n<td>1,26 \u20ac<br \/>\n2,52 \u20ac<br \/>\n3,78 \u20ac<br \/>\n5,04 \u20ac<br \/>\n6,30 \u20ac<\/td>\n<\/tr>\n<tr>\n<td><strong>03<\/strong><\/td>\n<td>Da \u20ac 1.000,01 a \u20ac 2.000,00<\/td>\n<td>1<br \/>\n2<br \/>\n3<br \/>\n4<br \/>\n5<\/td>\n<td>1,60 \u20ac<br \/>\n3,20 \u20ac<br \/>\n4,80 \u20ac<br \/>\n6,40 \u20ac<br \/>\n8,00 \u20ac<\/td>\n<td><\/td>\n<td>1,44 \u20ac<br \/>\n2,88 \u20ac<br \/>\n4,32 \u20ac<br \/>\n5,76 \u20ac<br \/>\n7,20 \u20ac<\/td>\n<\/tr>\n<tr>\n<td><strong>04<\/strong><\/td>\n<td>Da \u20ac 2.000,01 a \u20ac 5.000,00<\/td>\n<td>1<br \/>\n2<br \/>\n3<br \/>\n4<br \/>\n5<\/td>\n<td>2,00 \u20ac<br \/>\n4,00 \u20ac<br \/>\n6,00 \u20ac<br \/>\n8,00 \u20ac<br \/>\n10,00 \u20ac<\/td>\n<td><\/td>\n<td>1,80 \u20ac<br \/>\n3,60 \u20ac<br \/>\n5,40 \u20ac<br \/>\n7,20 \u20ac<br \/>\n9,00 \u20ac<\/td>\n<\/tr>\n<tr>\n<td><strong>05<\/strong><\/td>\n<td>Da \u20ac 5.000,01 a \u20ac 7.000,00<\/td>\n<td>1<br \/>\n2<br \/>\n3<br \/>\n4<br \/>\n5<\/td>\n<td>7,00 \u20ac<br \/>\n14,00 \u20ac<br \/>\n21,00 \u20ac<br \/>\n28,00 \u20ac<br \/>\n35,00 \u20ac<\/td>\n<td>3,50 \u20ac<br \/>\n7,00 \u20ac<br \/>\n10,50 \u20ac<br \/>\n14,00 \u20ac<br \/>\n17,50 \u20ac<\/td>\n<td>6,30 \u20ac<br \/>\n12,60 \u20ac<br \/>\n18,90 \u20ac<br \/>\n25,20 \u20ac<br \/>\n31,50 \u20ac<\/td>\n<\/tr>\n<tr>\n<td><strong>06<\/strong><\/td>\n<td>Da \u20ac 7.000,01 a \u20ac 9.000,00<\/td>\n<td>1<br \/>\n2<br \/>\n3<br \/>\n4<br \/>\n5<\/td>\n<td>11,00 \u20ac<br \/>\n22,00 \u20ac<br \/>\n33,00 \u20ac<br \/>\n44,00 \u20ac<br \/>\n55,00 \u20ac<\/td>\n<td>5,50 \u20ac<br \/>\n11,00 \u20ac<br \/>\n16,50 \u20ac<br \/>\n22,00 \u20ac<br \/>\n27,50 \u20ac<\/td>\n<td>9,90 \u20ac<br \/>\n19,80 \u20ac<br \/>\n29,70 \u20ac<br \/>\n39,60 \u20ac<br \/>\n49,50 \u20ac<\/td>\n<\/tr>\n<tr>\n<td><strong>07<\/strong><\/td>\n<td>Da \u20ac 9.000,01 a \u20ac 12.000,00<\/td>\n<td>1<br \/>\n2<br \/>\n3<br \/>\n4<br \/>\n5<\/td>\n<td>13,00 \u20ac<br \/>\n26,00 \u20ac<br \/>\n39,00 \u20ac<br \/>\n52,00 \u20ac<br \/>\n65,00 \u20ac<\/td>\n<td>6,50 \u20ac<br \/>\n13,00 \u20ac<br \/>\n19,50 \u20ac<br \/>\n26,00 \u20ac<br \/>\n32,50 \u20ac<\/td>\n<td>11,70 \u20ac<br \/>\n23,40 \u20ac<br \/>\n35,10 \u20ac<br \/>\n46,80 \u20ac<br \/>\n58,50 \u20ac<\/td>\n<\/tr>\n<tr>\n<td><strong>08<\/strong><\/td>\n<td>Da \u20ac 12.000,01 a \u20ac 15.000,00<\/td>\n<td>1<br \/>\n2<br \/>\n3<br \/>\n4<br \/>\n5<\/td>\n<td>18,00 \u20ac<br \/>\n36,00 \u20ac<br \/>\n54,00 \u20ac<br \/>\n72,00 \u20ac<br \/>\n90,00 \u20ac<\/td>\n<td>9,00 \u20ac<br \/>\n18,00 \u20ac<br \/>\n27,00 \u20ac<br \/>\n36,00 \u20ac<br \/>\n45,00 \u20ac<\/td>\n<td>16,20 \u20ac<br \/>\n32,40 \u20ac<br \/>\n48,60 \u20ac<br \/>\n64,80 \u20ac<br \/>\n81,00 \u20ac<\/td>\n<\/tr>\n<tr>\n<td><strong>09<\/strong><\/td>\n<td>Da \u20ac 15.000,01 a \u20ac 20.000,00<\/td>\n<td>1<br \/>\n2<br \/>\n3<br \/>\n4<br \/>\n5<\/td>\n<td>20,00 \u20ac<br \/>\n40,00 \u20ac<br \/>\n60,00 \u20ac<br \/>\n80,00 \u20ac<br \/>\n100,00 \u20ac<\/td>\n<td>10,00 \u20ac<br \/>\n20,00 \u20ac<br \/>\n30,00 \u20ac<br \/>\n40,00 \u20ac<br \/>\n50,00 \u20ac<\/td>\n<td>18,00 \u20ac<br \/>\n36,00 \u20ac<br \/>\n54,00 \u20ac<br \/>\n72,00 \u20ac<br \/>\n90,00 \u20ac<\/td>\n<\/tr>\n<tr>\n<td><strong>10<\/strong><\/td>\n<td>Da \u20ac 20.000,01 a \u20ac 35.000,00<\/td>\n<td>1<br \/>\n2<br \/>\n3<br \/>\n4<br \/>\n5<\/td>\n<td>24,00 \u20ac<br \/>\n48,00 \u20ac<br \/>\n72,00 \u20ac<br \/>\n96,00 \u20ac<br \/>\n120,00 \u20ac<\/td>\n<td>12,00 \u20ac<br \/>\n24,00 \u20ac<br \/>\n36,00 \u20ac<br \/>\n48,00 \u20ac<br \/>\n60,00 \u20ac<\/td>\n<td>21,60 \u20ac<br \/>\n43,20 \u20ac<br \/>\n64,80 \u20ac<br \/>\n86,40 \u20ac<br \/>\n108,00 \u20ac<\/td>\n<\/tr>\n<tr>\n<td><strong>11<\/strong><\/td>\n<td>Oltre \u20ac 35.000,01<\/td>\n<td>1<br \/>\n2<br \/>\n3<br \/>\n4<br \/>\n5<\/td>\n<td>28,00 \u20ac<br \/>\n56,00 \u20ac<br \/>\n84,00 \u20ac<br \/>\n112,00 \u20ac<br \/>\n140,00 \u20ac<\/td>\n<td>14,00 \u20ac<br \/>\n28,00 \u20ac<br \/>\n42,00 \u20ac<br \/>\n56,00 \u20ac<br \/>\n70,00 \u20ac<\/td>\n<td>25,20 \u20ac<br \/>\n50,40 \u20ac<br \/>\n75,60 \u20ac<br \/>\n100,80 \u20ac<br \/>\n126,00 \u20ac<\/td>\n<\/tr>\n<\/tbody>\n<\/table>\n<\/div>\n<p><strong>*<\/strong> Dalla 5\u00b0 fascia riduzione del 50% per i figli successivi al primo contemporaneamente fruitori del servizio mensa.<br \/>\n<strong>**<\/strong> Riduzione del 10% per i nuclei familiari al cui interno vi sia un disabile e per i nuclei familiari con gli alunni in affido.[\/vc_column_text]    <\/div>\n<\/div><h4 class=\"clearfix qode-title-holder\">\n<span class=\"qode-tab-title\">\n\t    <span class=\"qode-tab-title-inner\">\n        Agevolazioni    <\/span>\n<\/span>\n<span class=\"qode-accordion-mark\">\n    <span class=\"qode-accordion-mark-icon\">\n        <span class=\"icon_plus\"><\/span>\n        <span class=\"icon_minus-06\"><\/span>\n    <\/span>\n<\/span>\n<\/h4>\n<div  class=\"qode-accordion-content \" >\n    <div class=\"qode-accordion-content-inner\">\n        [vc_column_text]Sono previste due tipologie di facilitazioni economiche.<\/p>\n<ul>\n<li><strong>Costo ridotto:<\/strong> riduzione del 50% del contributo per i figli successivi al primo contemporaneamente fruitori del servizio mensa a partire dalla 5\u00b0 fascia ISEE.<\/li>\n<li><strong>Costo agevolato:<\/strong> riduzione del 10% sul costo mensile per i nuclei familiari al cui interno siano presenti disabili e\/o minori in stato di affidamento familiare residenti a Palermo.<\/li>\n<\/ul>\n<p>[\/vc_column_text]    <\/div>\n<\/div><h4 class=\"clearfix qode-title-holder\">\n<span class=\"qode-tab-title\">\n\t    <span class=\"qode-tab-title-inner\">\n        Esenzioni    <\/span>\n<\/span>\n<span class=\"qode-accordion-mark\">\n    <span class=\"qode-accordion-mark-icon\">\n        <span class=\"icon_plus\"><\/span>\n        <span class=\"icon_minus-06\"><\/span>\n    <\/span>\n<\/span>\n<\/h4>\n<div  class=\"qode-accordion-content \" >\n    <div class=\"qode-accordion-content-inner\">\n        [vc_column_text]L\u2019Amministrazione Comunale \u00e8 consapevole dello stato di difficolt\u00e0 economico-sociale che molte famiglie stanno attraversando e, in considerazione di ci\u00f2, ha previsto l\u2019esonero del ticket per gli alunni appartenenti a nuclei familiari il cui disagio emerga esclusivamente sulla base di una <strong>specifica certificazione<\/strong> dei competenti <strong>Servizi Sociali<\/strong> della scrivente Amministrazione e anche in ordine alla situazione reddituale degli utenti.<\/p>\n<p>Per saperne di pi\u00f9:<\/p>\n<ul>\n<li>Linee guida al servizio di Refezione a.s. 2022\/2023 (<span style=\"text-decoration: underline;\"><a href=\"https:\/\/portalescuola.comune.palermo.it\/wp-content\/uploads\/2022\/11\/nota-n.-1031528.pdf\" target=\"_blank\" rel=\"noopener\">scarica<\/a><\/span>)<\/li>\n<li>Tariffe refezione come da delibera della giunta comunale n\u00b0 121 del 23\/07\/2014 (<span style=\"text-decoration: underline;\"><a href=\"https:\/\/portalescuola.comune.palermo.it\/wp-content\/uploads\/2022\/10\/delibera-di-G.M.-n.-12-del-23-07-2014.pdf\" target=\"_blank\" rel=\"noopener\">scarica<\/a><\/span>)<\/li>\n<\/ul>\n<p>[\/vc_column_text]    <\/div>\n<\/div><h4 class=\"clearfix qode-title-holder\">\n<span class=\"qode-tab-title\">\n\t    <span class=\"qode-tab-title-inner\">\n        Come si paga?    <\/span>\n<\/span>\n<span class=\"qode-accordion-mark\">\n    <span class=\"qode-accordion-mark-icon\">\n        <span class=\"icon_plus\"><\/span>\n        <span class=\"icon_minus-06\"><\/span>\n    <\/span>\n<\/span>\n<\/h4>\n<div  class=\"qode-accordion-content \" >\n    <div class=\"qode-accordion-content-inner\">\n        [vc_column_text]Il pagamento della quota contributiva, o ticket, pu\u00f2 essere effettuato tramite la <strong>Piattaforma PagoPA<\/strong>, accendendo dal Portale della Scuola alla sezione &#8220;Servizi online&#8221; tramite SPID, C.I.E. o credenziali comunali.<\/p>\n<p><em>Homepage del Portale Scuola <\/em>&#8211; <em>Servizi online\u00a0 <\/em>&#8211; <em>Accedi all&#8217;area personale <\/em>&#8211; <em>Tutti i servizi <\/em>&#8211; <em>Pagamento refezione scolastica<\/em><\/p>\n<p><a href=\"https:\/\/portal-keysuite.comune.palermo.it\/public\/proceedingDetail?id=1\"><span style=\"text-decoration: underline;\"><strong>Link<\/strong><\/span> <span style=\"text-decoration: underline;\"><strong>diretto per il pagamento<\/strong><\/span><\/a>[\/vc_column_text]    <\/div>\n<\/div><h4 class=\"clearfix qode-title-holder\">\n<span class=\"qode-tab-title\">\n\t    <span class=\"qode-tab-title-inner\">\n        Come faccio a ottenere una agevolazione?    <\/span>\n<\/span>\n<span class=\"qode-accordion-mark\">\n    <span class=\"qode-accordion-mark-icon\">\n        <span class=\"icon_plus\"><\/span>\n        <span class=\"icon_minus-06\"><\/span>\n    <\/span>\n<\/span>\n<\/h4>\n<div  class=\"qode-accordion-content \" >\n    <div class=\"qode-accordion-content-inner\">\n        [vc_column_text]Per farlo \u00e8 necessario integrare alla domanda presentata online una specifica richiesta.<br \/>\nQuesta, scritta in carta semplice e accompagnata da una copia della certificazione rilasciata dagli uffici competenti, dovr\u00e0 essere presentata alla scuola di frequenza. La scuola, dopo aver ricevuto ed esaminato la documentazione, provveder\u00e0 a riconoscere le agevolazioni a chi ne ha fatto richiesta.<\/p>\n<p>Si potr\u00e0 usufruire della tariffa agevolata soltanto in presenza di un ISEE in corso di validit\u00e0.<\/p>\n<p>L\u2019Amministrazione Comunale provveder\u00e0 a eseguire regolari controlli e accertamenti sulle richieste di agevolazione e, qualora emergano abusi o false dichiarazioni, adotter\u00e0 ogni misura per sospendere o revocare i benefici concessi e a recuperare le somme oggetto di agevolazione compresi gli interessi previsti.[\/vc_column_text]    <\/div>\n<\/div><h4 class=\"clearfix qode-title-holder\">\n<span class=\"qode-tab-title\">\n\t    <span class=\"qode-tab-title-inner\">\n        Come faccio a ottenere un rimborso?    <\/span>\n<\/span>\n<span class=\"qode-accordion-mark\">\n    <span class=\"qode-accordion-mark-icon\">\n        <span class=\"icon_plus\"><\/span>\n        <span class=\"icon_minus-06\"><\/span>\n    <\/span>\n<\/span>\n<\/h4>\n<div  class=\"qode-accordion-content \" >\n    <div class=\"qode-accordion-content-inner\">\n        [vc_column_text]I pasti acquistati scadono con il termine delle lezioni dell\u2019anno scolastico in cui \u00e8 stato effettuato l\u2019acquisto.<\/p>\n<p>&nbsp;<\/p>\n<p>Per le prime quattro fasce di reddito (valore ISEE fino a \u20ac 5.000,00) la tariffa \u00e8 forfettaria mensile, pertanto non sono previsti rimborsi.<\/p>\n<p>&nbsp;<\/p>\n<p>A partire dalla quinta fascia i pagamenti sono invece a consumo, e per i pasti non usufruiti sar\u00e0 possibile richiedere il rimborso delle quote versate in eccedenza all\u2019Amministrazione entro il 31 luglio di ogni anno <a href=\"https:\/\/portalescuola.comune.palermo.it\/wp-content\/uploads\/2024\/09\/DOMANDA-RIMBORSO-TICKETS-2024-2025.pdf\" target=\"_blank\" rel=\"noopener\">(scarica il modulo &#8220;Domanda di rimborso&#8221;<\/a>).<\/p>\n<p>&nbsp;<\/p>\n<p>Nel caso in cui gli alunni fruiscano del servizio anche per l\u2019anno successivo, il credito residuo pu\u00f2 essere utilizzato per i successivi pagamenti. In alternativa, a partire dalla quinta fascia, il genitore pu\u00f2 richiedere il trasferimento dei pasti non fruiti nell&#8217;anno scolastico dal figlio uscente al fratello o alla sorella iscritti al servizio mensa (<a href=\"https:\/\/portalescuola.comune.palermo.it\/wp-content\/uploads\/2024\/09\/DOMANDA-DI-TRASFERIMENTO-PASTI-2024-2025.pdf\" target=\"_blank\" rel=\"noopener\">scarica il modulo &#8220;Domanda di trasferimento pasti residui&#8221;<\/a>).[\/vc_column_text]    <\/div>\n<\/div><\/div>[vc_empty_space height=&#8221;50px&#8221;][\/vc_column][\/vc_row][vc_row css_animation=&#8221;&#8221; row_type=&#8221;row&#8221; use_row_as_full_screen_section=&#8221;no&#8221; type=&#8221;full_width&#8221; angled_section=&#8221;no&#8221; text_align=&#8221;left&#8221; background_image_as_pattern=&#8221;without_pattern&#8221; css=&#8221;.vc_custom_1668100060049{margin-bottom: 32px !important;}&#8221; z_index=&#8221;&#8221;][vc_column][vc_column_text]<\/p>\n<h3>Per saperne di pi\u00f9<\/h3>\n<div class='w3eden'><!-- WPDM Link Template: Default Template -->\n<div class=\"link-template-default card mb-2\">\n    <div class=\"card-body\">\n        <div class=\"media stack-xs\">\n            <div class=\"media-body\">\n                <div class=\"media\">\n                    <div class=\"mr-6 img-48\"><img class=\"wpdm_icon\" alt=\"Icona\" src=\"https:\/\/portalescuola.comune.palermo.it\/wp-content\/plugins\/download-manager\/assets\/file-type-icons\/pdf.svg\" onError='this.src=\"https:\/\/portalescuola.comune.palermo.it\/wp-content\/plugins\/download-manager\/assets\/file-type-icons\/unknown.svg\";' \/><\/div>\n                    <div class=\"media-body\">\n                        <h3 class=\"package-title\"><a href='https:\/\/portalescuola.comune.palermo.it\/?wpdmpro=linee-guida-a-s-2025-2026-20-9-2025'>Linee guida a.s. 2025-2026 - 20-9-2025<\/a><\/h3>\n                        <div class=\"text-muted text-small\"><i class=\"fas fa-hdd\"><\/i> 1.01 MB<\/div>\n                    <\/div>\n                <\/div>\n                <div class=\"ml-6 wpdmdl-btn\"><a class='wpdm-download-link download-on-click btn btn-primary ' rel='nofollow' href='#' data-downloadurl=\"https:\/\/portalescuola.comune.palermo.it\/?wpdmpro=linee-guida-a-s-2025-2026-20-9-2025&wpdmdl=17093&refresh=69e6a0fb703f91776722171\">Scarica<\/a><\/div>\n            <\/div>\n        <\/div>\n    <\/div>\n<\/div><\/div>\n<div class='w3eden'><!-- WPDM Link Template: Default Template -->\n<div class=\"link-template-default card mb-2\">\n    <div class=\"card-body\">\n        <div class=\"media stack-xs\">\n            <div class=\"media-body\">\n                <div class=\"media\">\n                    <div class=\"mr-6 img-48\"><img class=\"wpdm_icon\" alt=\"Icona\" src=\"https:\/\/portalescuola.comune.palermo.it\/wp-content\/plugins\/download-manager\/assets\/file-type-icons\/pdf.svg\" onError='this.src=\"https:\/\/portalescuola.comune.palermo.it\/wp-content\/plugins\/download-manager\/assets\/file-type-icons\/unknown.svg\";' \/><\/div>\n                    <div class=\"media-body\">\n                        <h3 class=\"package-title\"><a href='https:\/\/portalescuola.comune.palermo.it\/?wpdmpro=circolare-tecnica-a-s-2025-2026'>Circolare tecnica a.s. 2025-2026<\/a><\/h3>\n                        <div class=\"text-muted text-small\"><i class=\"fas fa-hdd\"><\/i> 540.67 KB<\/div>\n                    <\/div>\n                <\/div>\n                <div class=\"ml-6 wpdmdl-btn\"><a class='wpdm-download-link download-on-click btn btn-primary ' rel='nofollow' href='#' data-downloadurl=\"https:\/\/portalescuola.comune.palermo.it\/?wpdmpro=circolare-tecnica-a-s-2025-2026&wpdmdl=17092&refresh=69e6a0fb745c11776722171\">Scarica<\/a><\/div>\n            <\/div>\n        <\/div>\n    <\/div>\n<\/div><\/div>\n<div class='w3eden'><!-- WPDM Link Template: Default Template -->\n<div class=\"link-template-default card mb-2\">\n    <div class=\"card-body\">\n        <div class=\"media stack-xs\">\n            <div class=\"media-body\">\n                <div class=\"media\">\n                    <div class=\"mr-6 img-48\"><img class=\"wpdm_icon\" alt=\"Icona\"   src=\"https:\/\/portalescuola.comune.palermo.it\/wp-content\/plugins\/download-manager\/assets\/file-type-icons\/pdf.svg\" \/><\/div>\n                    <div class=\"media-body\">\n                        <h3 class=\"package-title\"><a href='https:\/\/portalescuola.comune.palermo.it\/?wpdmpro=delibera-di-giunta-n-121-del-23-07-2014'>Delibera di giunta n\u00b0 121 del 23\/07\/2014<\/a><\/h3>\n                        <div class=\"text-muted text-small\"><i class=\"fas fa-hdd\"><\/i> 1.38 MB<\/div>\n                    <\/div>\n                <\/div>\n                <div class=\"ml-6 wpdmdl-btn\"><a class='wpdm-download-link download-on-click btn btn-primary ' rel='nofollow' href='#' data-downloadurl=\"https:\/\/portalescuola.comune.palermo.it\/?wpdmpro=delibera-di-giunta-n-121-del-23-07-2014&wpdmdl=746&refresh=69e6a0fb78aff1776722171\">Scarica<\/a><\/div>\n            <\/div>\n        <\/div>\n    <\/div>\n<\/div><\/div>[\/vc_column_text][\/vc_column][\/vc_row][vc_row css_animation=&#8221;&#8221; row_type=&#8221;row&#8221; use_row_as_full_screen_section=&#8221;no&#8221; type=&#8221;full_width&#8221; angled_section=&#8221;no&#8221; text_align=&#8221;left&#8221; background_image_as_pattern=&#8221;without_pattern&#8221; css=&#8221;.vc_custom_1545070489659{margin-bottom: 100px !important;}&#8221; z_index=&#8221;&#8221;][vc_column][vc_column_text]<\/p>\n<h3>Pagamento online refezione scolastica<\/h3>\n<p>[\/vc_column_text][vc_empty_space height=&#8221;15px&#8221;]<a  itemprop=\"url\" href=\"https:\/\/portal-keysuite.comune.palermo.it\/public\/proceedingDetail?id=1\" target=\"_self\"  class=\"qbutton  default\" style=\"\">PAGAMENTO REFEZIONE<\/a>[\/vc_column][\/vc_row]<\/p>\n","protected":false},"excerpt":{"rendered":"<p>[vc_row css_animation=&#8221;&#8221; row_type=&#8221;row&#8221; use_row_as_full_screen_section=&#8221;no&#8221; type=&#8221;full_width&#8221; angled_section=&#8221;no&#8221; text_align=&#8221;left&#8221; background_image_as_pattern=&#8221;without_pattern&#8221;][vc_column][vc_empty_space height=&#8221;50px&#8221;][\/vc_column][\/vc_row][vc_row css_animation=&#8221;&#8221; row_type=&#8221;row&#8221; use_row_as_full_screen_section=&#8221;no&#8221; type=&#8221;full_width&#8221; angled_section=&#8221;no&#8221; text_align=&#8221;left&#8221; background_image_as_pattern=&#8221;without_pattern&#8221; css=&#8221;.vc_custom_1668100060049{margin-bottom: 32px !important;}&#8221; z_index=&#8221;&#8221;][vc_column][vc_column_text] Per saperne di pi\u00f9 [\/vc_column_text][\/vc_column][\/vc_row][vc_row css_animation=&#8221;&#8221; row_type=&#8221;row&#8221; use_row_as_full_screen_section=&#8221;no&#8221; type=&#8221;full_width&#8221; angled_section=&#8221;no&#8221; text_align=&#8221;left&#8221; background_image_as_pattern=&#8221;without_pattern&#8221; css=&#8221;.vc_custom_1545070489659{margin-bottom: 100px !important;}&#8221; z_index=&#8221;&#8221;][vc_column][vc_column_text] Pagamento online refezione scolastica [\/vc_column_text][vc_empty_space height=&#8221;15px&#8221;][\/vc_column][\/vc_row]<\/p>\n","protected":false},"author":1,"featured_media":0,"parent":3248,"menu_order":0,"comment_status":"closed","ping_status":"closed","template":"","meta":[],"_links":{"self":[{"href":"https:\/\/portalescuola.comune.palermo.it\/index.php?rest_route=\/wp\/v2\/pages\/3305"}],"collection":[{"href":"https:\/\/portalescuola.comune.palermo.it\/index.php?rest_route=\/wp\/v2\/pages"}],"about":[{"href":"https:\/\/portalescuola.comune.palermo.it\/index.php?rest_route=\/wp\/v2\/types\/page"}],"author":[{"embeddable":true,"href":"https:\/\/portalescuola.comune.palermo.it\/index.php?rest_route=\/wp\/v2\/users\/1"}],"replies":[{"embeddable":true,"href":"https:\/\/portalescuola.comune.palermo.it\/index.php?rest_route=%2Fwp%2Fv2%2Fcomments&post=3305"}],"version-history":[{"count":45,"href":"https:\/\/portalescuola.comune.palermo.it\/index.php?rest_route=\/wp\/v2\/pages\/3305\/revisions"}],"predecessor-version":[{"id":17094,"href":"https:\/\/portalescuola.comune.palermo.it\/index.php?rest_route=\/wp\/v2\/pages\/3305\/revisions\/17094"}],"up":[{"embeddable":true,"href":"https:\/\/portalescuola.comune.palermo.it\/index.php?rest_route=\/wp\/v2\/pages\/3248"}],"wp:attachment":[{"href":"https:\/\/portalescuola.comune.palermo.it\/index.php?rest_route=%2Fwp%2Fv2%2Fmedia&parent=3305"}],"curies":[{"name":"wp","href":"https:\/\/api.w.org\/{rel}","templated":true}]}}