{"id":3248,"date":"2018-12-07T12:06:03","date_gmt":"2018-12-07T11:06:03","guid":{"rendered":"https:\/\/portalescuola.comune.palermo.it\/?page_id=3248"},"modified":"2024-11-11T16:11:14","modified_gmt":"2024-11-11T15:11:14","slug":"refezione-scolastica","status":"publish","type":"page","link":"https:\/\/portalescuola.comune.palermo.it\/?page_id=3248","title":{"rendered":"Mangiare al nido | Refezione scolastica"},"content":{"rendered":"<p>[vc_row css_animation=&#8221;&#8221; row_type=&#8221;row&#8221; use_row_as_full_screen_section=&#8221;no&#8221; type=&#8221;full_width&#8221; angled_section=&#8221;no&#8221; text_align=&#8221;left&#8221; background_image_as_pattern=&#8221;without_pattern&#8221;][vc_column][vc_column_text]L&#8217;<strong>Assessorato all&#8217;Istruzione <\/strong>del Comune di Palermo gestisce tutti gli aspetti relativi alla <strong>consumazione dei pasti<\/strong> nei centri di refezione delle <strong>scuole statali<\/strong> e negli <strong>asili nido comunali<\/strong>. Nel corso degli anni si \u00e8 sviluppata una sempre maggior consapevolezza di come il pranzo consumato a scuola e al nido rappresenti un importante momento\u00a0 di relazione e di socializzazione tra adulti e bambini\/ragazzi e tra i bambini\/ragazzi stessi.<\/p>\n<p>[\/vc_column_text][\/vc_column][\/vc_row][vc_row css_animation=&#8221;&#8221; row_type=&#8221;row&#8221; use_row_as_full_screen_section=&#8221;no&#8221; type=&#8221;full_width&#8221; anchor=&#8221;piccoli&#8221; angled_section=&#8221;no&#8221; text_align=&#8221;left&#8221; background_image_as_pattern=&#8221;without_pattern&#8221; css=&#8221;.vc_custom_1544727297118{margin-bottom: 30px !important;}&#8221; z_index=&#8221;&#8221;][vc_column css=&#8221;.vc_custom_1544195789757{margin-top: 30px !important;}&#8221;][vc_column_text]<\/p>\n<h3>I pi\u00f9 piccoli prima di tutto<\/h3>\n<p>&nbsp;<\/p>\n<p>L&#8217;<strong>educazione alimentare nei primi tre anni di vita rappresenta un momento fondamentale di crescita<\/strong> e costituisce uno strumento\u00a0 per lo sviluppo di molti aspetti della vita dell&#8217;individuo adulto.<\/p>\n<p>&nbsp;<\/p>\n<p><strong>Tutti i pasti <\/strong>serviti negli asili nido comunali vengono <strong>preparati all\u2019interno delle <\/strong>stesse <strong>strutture<\/strong>.<\/p>\n<p>&nbsp;<\/p>\n<p>Le tabelle dietetiche e i men\u00f9 adottati sono stati approvati dal Dipartimento di Igiene e Microbiologia \u201cG. D\u2019Alessandro\u201d di Palermo.<\/p>\n<p>Le attuali tabelle e men\u00f9 tengono conto sia delle raccomandazioni scientifiche in campo pediatrico e nutrizionale fornite dal <strong>modello LARN<\/strong> (&#8220;Livelli di Assunzione di Riferimento di Nutrienti ed energia&#8221;) elaborato dalla Societ\u00e0 Italiana di Nutrizione Umana, sia dell\u2019esperienza quotidiana maturata negli asili, legata anche alle <strong>tradizioni locali<\/strong>.[\/vc_column_text][vc_empty_space]<div class=\"q_icon_list\"><i class=\"qode_icon_font_awesome fa fa-hand-o-right qode-ili-icon-holder transparent\" style=\"color: #b1c800;\" ><\/i><p style=\"color:#818181;font-weight: 500;\">Per i bambini al di sotto del primo anno di vita sono state formulate una tabella dietetica e un esempio di men\u00f9, seguendo le indicazioni del pediatra.<\/p><\/div><div class=\"q_icon_list\"><i class=\"qode_icon_font_awesome fa fa-hand-o-right qode-ili-icon-holder transparent\" style=\"color: #b1c800;\" ><\/i><p style=\"color:#818181;font-weight: 500;\">Per i bambini della fascia di et\u00e0 1-3 anni sono state date le stesse indicazioni considerando che, nella realt\u00e0 del nido, \u00e8 preferibile che i bambini consumino le stesse preparazioni, puntando pi\u00f9 alla qualit\u00e0 del pasto che non al numero dei piatti.<\/p><\/div>[\/vc_column][\/vc_row][vc_row css_animation=&#8221;&#8221; row_type=&#8221;row&#8221; use_row_as_full_screen_section=&#8221;no&#8221; type=&#8221;full_width&#8221; anchor=&#8221;menuasili&#8221; angled_section=&#8221;no&#8221; text_align=&#8221;left&#8221; background_image=&#8221;3365&#8243; background_image_as_pattern=&#8221;without_pattern&#8221; css=&#8221;.vc_custom_1544727325175{margin-bottom: 30px !important;border-bottom-width: 30px !important;}&#8221; z_index=&#8221;&#8221; el_class=&#8221;greenbox&#8221;][vc_column css=&#8221;.vc_custom_1544725835797{margin-top: 30px !important;padding-top: 30px !important;padding-right: 30px !important;padding-bottom: 60px !important;padding-left: 30px !important;}&#8221;][vc_column_text]<\/p>\n<h3><span style=\"color: #000000;\">Il men\u00f9 negli asili \u00e8 ispirato alla dieta mediterranea<\/span><\/h3>\n<p>&nbsp;<\/p>\n<p><span style=\"color: #000000;\">Il men\u00f9 proposto come esempio, <strong>differenziato per stagioni<\/strong>, \u00e8 <strong>ispirato al<\/strong> <strong>modello mediterraneo,<\/strong> secondo cui sono privilegiati alimenti di origine vegetale (cereali, legumi, frutta e verdura), integrati da alimenti di origine animale (carne, pesce, uova e formaggi).<\/span><\/p>\n<p><span style=\"color: #000000;\">Per coprire i fabbisogni del bambino relativamente a tutti i nutrienti, con particolare riferimento ad alcuni macroelementi (calcio, ferro), viene adottata una <strong>rotazione settimanale<\/strong> delle varie pietanze.<\/span><\/p>\n<p><span style=\"color: #000000;\">Negli asili \u00e8 possibile fornire men\u00f9 diversificati per i bambini affetti da malattie acute o croniche e rispettosi delle differenze religiose.<\/span>[\/vc_column_text][\/vc_column][\/vc_row][vc_row css_animation=&#8221;&#8221; row_type=&#8221;row&#8221; use_row_as_full_screen_section=&#8221;no&#8221; type=&#8221;full_width&#8221; anchor=&#8221;alimentazione&#8221; angled_section=&#8221;no&#8221; text_align=&#8221;left&#8221; background_image_as_pattern=&#8221;without_pattern&#8221; css=&#8221;.vc_custom_1544727344165{margin-top: 50px !important;}&#8221; z_index=&#8221;&#8221;][vc_column][vc_column_text]<\/p>\n<h3>Un\u2019alimentazione di qualit\u00e0 per le scuole statali palermitane<\/h3>\n<p>&nbsp;<\/p>\n<p>Su richiesta delle famiglie interessate, il\u00a0Comune di Palermo\u00a0attiva e gestisce il\u00a0servizio di refezione scolastica\u00a0all\u2019interno delle scuole pubbliche dell\u2019infanzia, primarie e secondarie di primo grado del territorio palermitano per le quali \u00e8 prevista la continuit\u00e0 dell\u2019attivit\u00e0 scolastica nel pomeriggio.<\/p>\n<p>&nbsp;<\/p>\n<p>I pasti serviti sono preparati e portati quotidianamente dalla societ\u00e0\u00a0che gestisce il servizio\u00a0garantendo pasti\u00a0di\u00a0qualit\u00e0 certificata.<\/p>\n<p>&nbsp;<\/p>\n<p>La cura nella scelta delle materie prime, come quella nella preparazione dei piatti, consentono di servire ogni giorno nelle scuole di Palermo un\u2019ampia variet\u00e0 di pasti buoni, nutrienti e sani.<\/p>\n<p>&nbsp;<\/p>\n<p>I pasti somministrati vengono preparati tutti con prodotti biologici e a chilometro 0.<\/p>\n<p>&nbsp;<\/p>\n<p>[\/vc_column_text][\/vc_column][\/vc_row][vc_row css_animation=&#8221;&#8221; row_type=&#8221;row&#8221; use_row_as_full_screen_section=&#8221;no&#8221; type=&#8221;full_width&#8221; anchor=&#8221;ambiente&#8221; angled_section=&#8221;no&#8221; text_align=&#8221;left&#8221; background_image_as_pattern=&#8221;without_pattern&#8221; css=&#8221;.vc_custom_1545068687779{margin-bottom: 30px !important;}&#8221; z_index=&#8221;&#8221;][vc_column][vc_column_text]<\/p>\n<h3>Cibo buono, con un occhio anche all\u2019ambiente<\/h3>\n<p>&nbsp;<\/p>\n<p>Un altro aspetto che ci sta molto a cuore \u00e8 quello della <strong>sostenibilit\u00e0 ambientale<\/strong>, perch\u00e9 da esso dipende il futuro nostro e del nostro pianeta.<\/p>\n<p>Per questo motivo il servizio di refezione scolastica punta a <strong>limitare quanto pi\u00f9 possibile la produzione degli scarti<\/strong> con particolare attenzione all\u2019abbattimento del rifiuto indifferenziato. Nell\u2019ultima gara \u00e8 stato modificato il sistema di confezionamento dei pasti, eliminando i contenitori <i>monoporzione<\/i> e prevedendo quelli <i>multiporzione<\/i>, evitando cos\u00ec il confezionamento dei pasti in materiale plastico.<\/p>\n<p>Pertanto, oltre a offrire ottimi pasti, ci impegniamo anche per:[\/vc_column_text][vc_empty_space]<div class=\"q_icon_list\"><i class=\"qode_icon_font_awesome fa fa-hand-o-right qode-ili-icon-holder transparent\" style=\"color: #b1c800;\" ><\/i><p style=\"color:#818181;font-weight: 500;\">Produrre il pi\u00f9 possibile rifiuti compostabili<\/p><\/div><div class=\"q_icon_list\"><i class=\"qode_icon_font_awesome fa fa-hand-o-right qode-ili-icon-holder transparent\" style=\"color: #b1c800;\" ><\/i><p style=\"color:#818181;font-weight: 500;\">Aumentare l\u2019utilizzo di prodotti regionali<\/p><\/div><div class=\"q_icon_list\"><i class=\"qode_icon_font_awesome fa fa-hand-o-right qode-ili-icon-holder transparent\" style=\"color: #b1c800;\" ><\/i><p style=\"color:#818181;font-weight: 500;\">Promuovere l\u2019agricoltura e la produzione locale<\/p><\/div>[\/vc_column][\/vc_row][vc_row css_animation=&#8221;&#8221; row_type=&#8221;row&#8221; use_row_as_full_screen_section=&#8221;no&#8221; type=&#8221;full_width&#8221; anchor=&#8221;sociale&#8221; angled_section=&#8221;no&#8221; text_align=&#8221;left&#8221; background_image_as_pattern=&#8221;without_pattern&#8221; css=&#8221;.vc_custom_1634725469997{margin-bottom: 32px !important;}&#8221; z_index=&#8221;&#8221;][vc_column][vc_column_text]<\/p>\n<h3>La funzione sociale della mensa<\/h3>\n<p>&nbsp;<\/p>\n<p>Pensiamo che il servizio di mensa nelle scuole statali, oltre a dar da mangiare agli studenti abbia anche un ruolo nel contrasto alla dispersione scolastica.<\/p>\n<p>Come evidenziato da una ricerca di <strong>Save the Children<\/strong>, la presenza della mensa e la sua accessibilit\u00e0 rappresentano armi efficaci contro la dispersione scolastica.<\/p>\n<p>&nbsp;<\/p>\n<p><em>\u201cI dati MIUR sulla percentuale di alunni che frequentano la mensa anche quest\u2019anno confermano una situazione piu\u0300 che preoccupante, in cui, in 9 regioni italiane piu\u0300 del 50% degli alunni non ha la possibilita\u0300 di usufruire del servizio mensa e le differenze percentuali di alunni senza mensa variano dal 30% all\u201980%. La situazione si fa allarmante al Sud, dove gli alunni che usufruiscono del servizio sono una rarita\u0300: in Sicilia non accede alla mensa l\u201981,05% degli alunni, a seguire il Molise (80,29%), la Puglia (74,11%), la Campania (66,64%) e la Calabria (63,78%)<\/em><\/p>\n<div class=\"page\" title=\"Page 17\">\n<div class=\"layoutArea\">\n<div class=\"column\">\n<p><em>Mantenere alta l\u2019attenzione sul tema della mensa e\u0300 invece fondamentale, perche\u0301 vuol dire garantire una scuola aperta a tutti, in cui la presenza della mensa significa anche poter usufruire del tempo pieno, combattere la dispersione scolastica ed educare tutti i bambini alla sana alimentazione e all\u2019inclusione&#8221;.<\/em><\/div>\n<\/div>\n<\/div>\n<p>&nbsp;<\/p>\n<p><em>Estratto del rapporto 2018 &#8220;(Non) Tutti a mensa&#8221; di Save The Children<\/em><\/p>\n<p><em>Leggi l\u2019<\/em><a href=\"https:\/\/s3.savethechildren.it\/public\/files\/uploads\/pubblicazioni\/non-tutti-mensa-2018.pdf\" target=\"_blank\" rel=\"noopener\"><em>articolo completo<\/em><\/a>.[\/vc_column_text][\/vc_column][\/vc_row][vc_row css_animation=&#8221;&#8221; row_type=&#8221;row&#8221; use_row_as_full_screen_section=&#8221;no&#8221; type=&#8221;full_width&#8221; angled_section=&#8221;no&#8221; text_align=&#8221;left&#8221; background_image_as_pattern=&#8221;without_pattern&#8221;][vc_column][vc_single_image image=&#8221;10821&#8243; img_size=&#8221;full&#8221; alignment=&#8221;center&#8221; onclick=&#8221;custom_link&#8221; img_link_target=&#8221;_blank&#8221; qode_css_animation=&#8221;element_from_top&#8221; qode_hover_animation=&#8221;zoom_in&#8221; link=&#8221;https:\/\/portalescuola.comune.palermo.it\/?page_id=10772&#8243;][vc_empty_space][vc_single_image image=&#8221;5019&#8243; img_size=&#8221;full&#8221; alignment=&#8221;center&#8221; onclick=&#8221;custom_link&#8221; img_link_target=&#8221;_blank&#8221; qode_css_animation=&#8221;element_from_top&#8221; qode_hover_animation=&#8221;zoom_in&#8221; el_class=&#8221;https:\/\/scuolepalermo.cotcloud.it\/menu&#8221; link=&#8221;https:\/\/scuolepalermo.vivendacloud.com\/menu&#8221;][vc_empty_space height=&#8221;100px&#8221;][\/vc_column][\/vc_row][vc_row css_animation=&#8221;&#8221; row_type=&#8221;row&#8221; use_row_as_full_screen_section=&#8221;no&#8221; type=&#8221;full_width&#8221; angled_section=&#8221;no&#8221; text_align=&#8221;left&#8221; background_image_as_pattern=&#8221;without_pattern&#8221;][vc_column][vc_column_text]<\/p>\n<h3>Pagamento online refezione scolastica<\/h3>\n<p>[\/vc_column_text][vc_empty_space height=&#8221;15px&#8221;]<a  itemprop=\"url\" href=\"https:\/\/portal-keysuite.comune.palermo.it\/public\/proceedingDetail?id=1\" target=\"_self\"  class=\"qbutton  default\" style=\"\">PAGAMENTO REFEZIONE<\/a>[vc_empty_space height=&#8221;45px&#8221;][\/vc_column][\/vc_row][vc_row css_animation=&#8221;&#8221; row_type=&#8221;row&#8221; use_row_as_full_screen_section=&#8221;no&#8221; type=&#8221;full_width&#8221; angled_section=&#8221;no&#8221; text_align=&#8221;left&#8221; background_image_as_pattern=&#8221;without_pattern&#8221;][vc_column][vc_column_text]<\/p>\n<h3>BREVE GUIDA AL SERVIZIO DI REFEZIONE SCOLASTICA<\/h3>\n<p>[\/vc_column_text][vc_empty_space height=&#8221;15px&#8221;]<a  itemprop=\"url\" href=\"https:\/\/portalescuola.comune.palermo.it\/?page_id=3305\" target=\"_self\"  class=\"qbutton  default\" style=\"\">GUIDA<\/a>[vc_empty_space height=&#8221;45px&#8221;][\/vc_column][\/vc_row]<\/p>\n","protected":false},"excerpt":{"rendered":"<p>[vc_row css_animation=&#8221;&#8221; row_type=&#8221;row&#8221; use_row_as_full_screen_section=&#8221;no&#8221; type=&#8221;full_width&#8221; angled_section=&#8221;no&#8221; text_align=&#8221;left&#8221; background_image_as_pattern=&#8221;without_pattern&#8221;][vc_column][vc_column_text]L&#8217;Assessorato all&#8217;Istruzione del Comune di Palermo gestisce tutti gli aspetti relativi alla consumazione dei pasti nei centri di refezione delle scuole statali e negli asili nido comunali. Nel corso degli anni si \u00e8 sviluppata una sempre maggior consapevolezza&#8230;<\/p>\n","protected":false},"author":1,"featured_media":0,"parent":0,"menu_order":0,"comment_status":"closed","ping_status":"closed","template":"","meta":[],"_links":{"self":[{"href":"https:\/\/portalescuola.comune.palermo.it\/index.php?rest_route=\/wp\/v2\/pages\/3248"}],"collection":[{"href":"https:\/\/portalescuola.comune.palermo.it\/index.php?rest_route=\/wp\/v2\/pages"}],"about":[{"href":"https:\/\/portalescuola.comune.palermo.it\/index.php?rest_route=\/wp\/v2\/types\/page"}],"author":[{"embeddable":true,"href":"https:\/\/portalescuola.comune.palermo.it\/index.php?rest_route=\/wp\/v2\/users\/1"}],"replies":[{"embeddable":true,"href":"https:\/\/portalescuola.comune.palermo.it\/index.php?rest_route=%2Fwp%2Fv2%2Fcomments&post=3248"}],"version-history":[{"count":99,"href":"https:\/\/portalescuola.comune.palermo.it\/index.php?rest_route=\/wp\/v2\/pages\/3248\/revisions"}],"predecessor-version":[{"id":16191,"href":"https:\/\/portalescuola.comune.palermo.it\/index.php?rest_route=\/wp\/v2\/pages\/3248\/revisions\/16191"}],"wp:attachment":[{"href":"https:\/\/portalescuola.comune.palermo.it\/index.php?rest_route=%2Fwp%2Fv2%2Fmedia&parent=3248"}],"curies":[{"name":"wp","href":"https:\/\/api.w.org\/{rel}","templated":true}]}}