{"id":32,"date":"2018-04-21T12:52:21","date_gmt":"2018-04-21T10:52:21","guid":{"rendered":"http:\/\/www.agenziawebdeveloper.it\/portale\/?page_id=32"},"modified":"2024-11-11T16:09:00","modified_gmt":"2024-11-11T15:09:00","slug":"menu-refezione","status":"publish","type":"page","link":"https:\/\/portalescuola.comune.palermo.it\/?page_id=32","title":{"rendered":"I MEN\u00d9 STAGIONALI E LE DIETE SPECIALI"},"content":{"rendered":"<p>[vc_row css_animation=&#8221;&#8221; row_type=&#8221;row&#8221; use_row_as_full_screen_section=&#8221;no&#8221; type=&#8221;full_width&#8221; angled_section=&#8221;no&#8221; text_align=&#8221;left&#8221; background_image_as_pattern=&#8221;without_pattern&#8221;][vc_column width=&#8221;2\/3&#8243; css=&#8221;.vc_custom_1544803065847{margin-bottom: 50px !important;}&#8221;][vc_single_image image=&#8221;5019&#8243; img_size=&#8221;full&#8221; alignment=&#8221;center&#8221; onclick=&#8221;custom_link&#8221; img_link_target=&#8221;_blank&#8221; qode_css_animation=&#8221;element_from_top&#8221; qode_hover_animation=&#8221;zoom_in&#8221; link=&#8221;https:\/\/scuolepalermo.vivendacloud.com\/menu\/1731330343\/2\/1\/3&#8243;][vc_empty_space][vc_column_text]Al fine di garantire un\u2019alimentazione quanto pi\u00f9 basata sulla <strong>frutta e verdura di stagione<\/strong>, in tutte le scuole sono previste <strong>due tipologie di men\u00f9<\/strong> che si alternano durante l\u2019anno: una <strong>primavera\/estate<\/strong> l\u2019altra <strong>autunno\/inverno<\/strong>.<\/p>\n<p>Nella scelta dei men\u00f9 si \u00e8 dato rilievo alla <strong>qualit\u00e0 dei generi alimentari<\/strong> con particolare riferimento a quella di prodotti biologici, tipici e tradizionali, a denominazione protetta (D.O.P. e I.G.P.), nonch\u00e9 a quelli provenienti da sistemi di filiera corta.<\/p>\n<p>Inoltre, sono previste <strong>diete particolari per motivi di salute<\/strong> (dietro presentazione di certificazione medica) <strong>o per motivi religiosi<\/strong> nel pieno rispetto della libert\u00e0 individuale e delle differenze ideologiche di ciascun nucleo familiare, al fine di garantire l\u2019uguaglianza e promuovere l\u2019inclusione per tutti.<\/p>\n<p>Possono essere richieste dalle famiglie men\u00f9 personalizzati secondo i seguenti criteri:[\/vc_column_text][vc_empty_space]<div class=\"q_icon_list\"><i class=\"qode_icon_font_awesome fa fa-hand-o-right qode-ili-icon-holder transparent\" style=\"color: #637bb7;\" ><\/i><p style=\"color:#333333;font-weight: 600;margin-bottom: 30pxpx;\">Diete in bianco, su semplice richiesta dei genitori e per non pi\u00f9 di cinque giorni consecutivi<\/p><\/div><div class=\"q_icon_list\"><i class=\"qode_icon_font_awesome fa fa-hand-o-right qode-ili-icon-holder transparent\" style=\"color: #637bb7;\" ><\/i><p style=\"color:#333333;font-weight: 600;margin-bottom: 30pxpx;\">Diete per allergie e\/o intolleranze alimentari, dietro presentazione di certificazione sanitaria proveniente dal pediatra\/medico e corredate da analisi mediche attestanti la patologia. Il certificato medico dovr\u00e0 esplicitamente indicare la diagnosi, il tipo di dieta da seguire, il periodo preposto per la dieta<\/p><\/div><div class=\"q_icon_list\"><i class=\"qode_icon_font_awesome fa fa-hand-o-right qode-ili-icon-holder transparent\" style=\"color: #637bb7;\" ><\/i><p style=\"color:#333333;font-weight: 600;margin-bottom: 30pxpx;\">Diete legate a convinzioni religiose o culturali, che potranno essere richieste dai genitori specificando la lista degli alimenti da escludere dalla dieta dei propri figli<\/p><\/div>[vc_empty_space][vc_column_text]<\/p>\n<h3>Tipologie di diete disponibili:<\/h3>\n<p>[\/vc_column_text][vc_empty_space][vc_row_inner row_type=&#8221;row&#8221; type=&#8221;full_width&#8221; text_align=&#8221;left&#8221; css_animation=&#8221;&#8221;][vc_column_inner width=&#8221;1\/2&#8243;]<div class=\"q_icon_list\"><i class=\"qode_icon_font_awesome fa fa-hand-o-right qode-ili-icon-holder transparent\" style=\"color: #cc0038;\" ><\/i><p style=\"color:#333333;font-weight: 600;margin-bottom: 30pxpx;\">In bianco<\/p><\/div><div class=\"q_icon_list\"><i class=\"qode_icon_font_awesome fa fa-hand-o-right qode-ili-icon-holder transparent\" style=\"color: #cc0038;\" ><\/i><p style=\"color:#333333;font-weight: 600;margin-bottom: 30pxpx;\">Per affetti da morbo celiaco<\/p><\/div><div class=\"q_icon_list\"><i class=\"qode_icon_font_awesome fa fa-hand-o-right qode-ili-icon-holder transparent\" style=\"color: #cc0038;\" ><\/i><p style=\"color:#333333;font-weight: 600;margin-bottom: 30pxpx;\">Per affetti da allergia alimentare (intolleranza alle proteine del latte vaccino e proteine dell\u2019uovo)<\/p><\/div><div class=\"q_icon_list\"><i class=\"qode_icon_font_awesome fa fa-hand-o-right qode-ili-icon-holder transparent\" style=\"color: #cc0038;\" ><\/i><p style=\"color:#333333;font-weight: 600;margin-bottom: 30pxpx;\">Per affetti da favismo<\/p><\/div><div class=\"q_icon_list\"><i class=\"qode_icon_font_awesome fa fa-hand-o-right qode-ili-icon-holder transparent\" style=\"color: #cc0038;\" ><\/i><p style=\"color:#333333;font-weight: 600;margin-bottom: 30pxpx;\">Per affetti da diabete<\/p><\/div>[\/vc_column_inner][vc_column_inner width=&#8221;1\/2&#8243;]<div class=\"q_icon_list\"><i class=\"qode_icon_font_awesome fa fa-hand-o-right qode-ili-icon-holder transparent\" style=\"color: #cc0038;\" ><\/i><p style=\"color:#333333;font-weight: 600;margin-bottom: 30pxpx;\">Per affetti da fenilchetonuria<\/p><\/div><div class=\"q_icon_list\"><i class=\"qode_icon_font_awesome fa fa-hand-o-right qode-ili-icon-holder transparent\" style=\"color: #cc0038;\" ><\/i><p style=\"color:#333333;font-weight: 600;margin-bottom: 30pxpx;\">Per affetti da poliallergia al pesce<\/p><\/div><div class=\"q_icon_list\"><i class=\"qode_icon_font_awesome fa fa-hand-o-right qode-ili-icon-holder transparent\" style=\"color: #cc0038;\" ><\/i><p style=\"color:#333333;font-weight: 600;margin-bottom: 30pxpx;\">Vegetariana<\/p><\/div><div class=\"q_icon_list\"><i class=\"qode_icon_font_awesome fa fa-hand-o-right qode-ili-icon-holder transparent\" style=\"color: #cc0038;\" ><\/i><p style=\"color:#333333;font-weight: 600;margin-bottom: 30pxpx;\">Per religione Islamica<\/p><\/div><div class=\"q_icon_list\"><i class=\"qode_icon_font_awesome fa fa-hand-o-right qode-ili-icon-holder transparent\" style=\"color: #cc0038;\" ><\/i><p style=\"color:#333333;font-weight: 600;margin-bottom: 30pxpx;\">Per religione Ebraica<\/p><\/div><div class=\"q_icon_list\"><i class=\"qode_icon_font_awesome fa fa-hand-o-right qode-ili-icon-holder transparent\" style=\"color: #cc0038;\" ><\/i><p style=\"color:#333333;font-weight: 600;margin-bottom: 30pxpx;\">Vegana<\/p><\/div>[\/vc_column_inner][\/vc_row_inner][vc_row_inner row_type=&#8221;row&#8221; type=&#8221;full_width&#8221; text_align=&#8221;left&#8221; css_animation=&#8221;&#8221;][vc_column_inner width=&#8221;1\/2&#8243;][vc_column_text]<\/p>\n<h3>Pagamento online refezione scolastica<\/h3>\n<p>[\/vc_column_text][vc_empty_space height=&#8221;15px&#8221;]<a  itemprop=\"url\" href=\"https:\/\/portal-keysuite.comune.palermo.it\/public\/proceedingDetail?id=1\" target=\"_self\"  class=\"qbutton  default\" style=\"\">PAGAMENTO REFEZIONE<\/a>[\/vc_column_inner][\/vc_row_inner][\/vc_column][vc_column width=&#8221;1\/3&#8243; css=&#8221;.vc_custom_1544801643895{margin-bottom: 100px !important;}&#8221;][vc_single_image image=&#8221;3422&#8243; img_size=&#8221;full&#8221; alignment=&#8221;center&#8221; qode_css_animation=&#8221;&#8221; qode_hover_animation=&#8221;zoom_in&#8221;][vc_empty_space height=&#8221;50px&#8221;][vc_single_image image=&#8221;3421&#8243; img_size=&#8221;full&#8221; alignment=&#8221;center&#8221; qode_css_animation=&#8221;&#8221; qode_hover_animation=&#8221;zoom_in&#8221;][\/vc_column][\/vc_row]<\/p>\n","protected":false},"excerpt":{"rendered":"<p>[vc_row css_animation=&#8221;&#8221; row_type=&#8221;row&#8221; use_row_as_full_screen_section=&#8221;no&#8221; type=&#8221;full_width&#8221; angled_section=&#8221;no&#8221; text_align=&#8221;left&#8221; background_image_as_pattern=&#8221;without_pattern&#8221;][vc_column width=&#8221;2\/3&#8243; css=&#8221;.vc_custom_1544803065847{margin-bottom: 50px !important;}&#8221;][vc_single_image image=&#8221;5019&#8243; img_size=&#8221;full&#8221; alignment=&#8221;center&#8221; onclick=&#8221;custom_link&#8221; img_link_target=&#8221;_blank&#8221; qode_css_animation=&#8221;element_from_top&#8221; qode_hover_animation=&#8221;zoom_in&#8221; link=&#8221;https:\/\/scuolepalermo.vivendacloud.com\/menu\/1731330343\/2\/1\/3&#8243;][vc_empty_space][vc_column_text]Al fine di garantire un\u2019alimentazione quanto pi\u00f9 basata sulla frutta e verdura di stagione, in tutte le scuole sono previste due tipologie di men\u00f9 che si&#8230;<\/p>\n","protected":false},"author":1,"featured_media":0,"parent":3248,"menu_order":0,"comment_status":"closed","ping_status":"closed","template":"","meta":[],"_links":{"self":[{"href":"https:\/\/portalescuola.comune.palermo.it\/index.php?rest_route=\/wp\/v2\/pages\/32"}],"collection":[{"href":"https:\/\/portalescuola.comune.palermo.it\/index.php?rest_route=\/wp\/v2\/pages"}],"about":[{"href":"https:\/\/portalescuola.comune.palermo.it\/index.php?rest_route=\/wp\/v2\/types\/page"}],"author":[{"embeddable":true,"href":"https:\/\/portalescuola.comune.palermo.it\/index.php?rest_route=\/wp\/v2\/users\/1"}],"replies":[{"embeddable":true,"href":"https:\/\/portalescuola.comune.palermo.it\/index.php?rest_route=%2Fwp%2Fv2%2Fcomments&post=32"}],"version-history":[{"count":24,"href":"https:\/\/portalescuola.comune.palermo.it\/index.php?rest_route=\/wp\/v2\/pages\/32\/revisions"}],"predecessor-version":[{"id":16188,"href":"https:\/\/portalescuola.comune.palermo.it\/index.php?rest_route=\/wp\/v2\/pages\/32\/revisions\/16188"}],"up":[{"embeddable":true,"href":"https:\/\/portalescuola.comune.palermo.it\/index.php?rest_route=\/wp\/v2\/pages\/3248"}],"wp:attachment":[{"href":"https:\/\/portalescuola.comune.palermo.it\/index.php?rest_route=%2Fwp%2Fv2%2Fmedia&parent=32"}],"curies":[{"name":"wp","href":"https:\/\/api.w.org\/{rel}","templated":true}]}}