{"id":17742,"date":"2026-05-08T15:24:44","date_gmt":"2026-05-08T13:24:44","guid":{"rendered":"https:\/\/portalescuola.comune.palermo.it\/?page_id=17742"},"modified":"2026-05-08T15:24:44","modified_gmt":"2026-05-08T13:24:44","slug":"panormus-nidi-e-scuole-dellinfanzia","status":"publish","type":"page","link":"https:\/\/portalescuola.comune.palermo.it\/?page_id=17742","title":{"rendered":"Panormus Nidi e Scuole dell&#8217;infanzia"},"content":{"rendered":"<p>In occasione della <strong>XXX edizione<\/strong> di \u201cPanormus. La Scuola adotta la Citt\u00e0\u201d, si riconosce il ruolo fondamentale del segmento <strong>0-6 anni<\/strong> come primo tassello nel percorso di costruzione del senso di appartenenza e cittadinanza. La &#8220;Citt\u00e0 che vorrei&#8221; non pu\u00f2 prescindere dallo sguardo dei pi\u00f9 piccoli, che vivono il territorio attraverso l&#8217;esplorazione sensoriale, il gioco e la relazione.La partecipazione dei nostri alunni con le loro famiglie mira alla <strong>scoperta affettiva del bene comune<\/strong>.\u00a0\u00a0&#8220;Abitare&#8221; uno spazio adiacente alla scuola o al nido (un giardino, una piazza, un angolo di quartiere) per sviluppare nei bambini il rispetto per l&#8217;ambiente urbano come estensione dello spazio educativo e promuovere un raccordo sinergico con il territorio<\/p>\n<p>Le Scuole dell\u2019Infanzia e i Nidi (Comunali e Accreditati) sono invitati a declinare il tema <strong>\u201cLa Citt\u00e0 che vorrei\u201d<\/strong> attraverso:<\/p>\n<ul>\n<li><strong>Esperienze Outdoor:<\/strong> Piccole esplorazioni del quartiere per individuare un &#8220;luogo del cuore&#8221; da adottare simbolicamente.<\/li>\n<li><strong>Attivit\u00e0 Creativo-Laboratoriali:<\/strong> Realizzazione di elaborati grafici, plastici o fotografici che documentino la percezione dello spazio urbano dal punto di vista del bambino.<\/li>\n<li><strong>Video-diario:<\/strong> Un breve montaggio (coerente con i video-racconti previsti dal progetto) che mostri l&#8217;interazione dei bambini con lo spazio scelto.<\/li>\n<\/ul>\n<hr \/>\n\n\t\t<style type=\"text\/css\">\n\t\t\t#gallery-1 {\n\t\t\t\tmargin: auto;\n\t\t\t}\n\t\t\t#gallery-1 .gallery-item {\n\t\t\t\tfloat: left;\n\t\t\t\tmargin-top: 10px;\n\t\t\t\ttext-align: center;\n\t\t\t\twidth: 25%;\n\t\t\t}\n\t\t\t#gallery-1 img {\n\t\t\t\tborder: 2px solid #cfcfcf;\n\t\t\t}\n\t\t\t#gallery-1 .gallery-caption {\n\t\t\t\tmargin-left: 0;\n\t\t\t}\n\t\t\t\/* see gallery_shortcode() in wp-includes\/media.php *\/\n\t\t<\/style>\n\t\t<div id='gallery-1' class='gallery galleryid-17742 gallery-columns-4 gallery-size-medium'><dl class='gallery-item'>\n\t\t\t<dt class='gallery-icon portrait'>\n\t\t\t\t<a href='https:\/\/portalescuola.comune.palermo.it\/wp-content\/uploads\/2026\/05\/OBERDAN-GERMANIA-scaled.jpg'><img width=\"212\" height=\"300\" src=\"https:\/\/portalescuola.comune.palermo.it\/wp-content\/uploads\/2026\/05\/OBERDAN-GERMANIA-212x300.jpg\" class=\"attachment-medium size-medium\" alt=\"\" loading=\"lazy\" srcset=\"https:\/\/portalescuola.comune.palermo.it\/wp-content\/uploads\/2026\/05\/OBERDAN-GERMANIA-212x300.jpg 212w, https:\/\/portalescuola.comune.palermo.it\/wp-content\/uploads\/2026\/05\/OBERDAN-GERMANIA-724x1024.jpg 724w, https:\/\/portalescuola.comune.palermo.it\/wp-content\/uploads\/2026\/05\/OBERDAN-GERMANIA-768x1086.jpg 768w, https:\/\/portalescuola.comune.palermo.it\/wp-content\/uploads\/2026\/05\/OBERDAN-GERMANIA-1086x1536.jpg 1086w, https:\/\/portalescuola.comune.palermo.it\/wp-content\/uploads\/2026\/05\/OBERDAN-GERMANIA-1448x2048.jpg 1448w, https:\/\/portalescuola.comune.palermo.it\/wp-content\/uploads\/2026\/05\/OBERDAN-GERMANIA-700x990.jpg 700w, https:\/\/portalescuola.comune.palermo.it\/wp-content\/uploads\/2026\/05\/OBERDAN-GERMANIA-scaled.jpg 1810w\" sizes=\"(max-width: 212px) 100vw, 212px\" \/><\/a>\n\t\t\t<\/dt><\/dl><dl class='gallery-item'>\n\t\t\t<dt class='gallery-icon portrait'>\n\t\t\t\t<a href='https:\/\/portalescuola.comune.palermo.it\/wp-content\/uploads\/2026\/05\/ALLODOLA-scaled.jpg'><img width=\"212\" height=\"300\" src=\"https:\/\/portalescuola.comune.palermo.it\/wp-content\/uploads\/2026\/05\/ALLODOLA-212x300.jpg\" class=\"attachment-medium size-medium\" alt=\"\" loading=\"lazy\" srcset=\"https:\/\/portalescuola.comune.palermo.it\/wp-content\/uploads\/2026\/05\/ALLODOLA-212x300.jpg 212w, https:\/\/portalescuola.comune.palermo.it\/wp-content\/uploads\/2026\/05\/ALLODOLA-724x1024.jpg 724w, https:\/\/portalescuola.comune.palermo.it\/wp-content\/uploads\/2026\/05\/ALLODOLA-768x1086.jpg 768w, https:\/\/portalescuola.comune.palermo.it\/wp-content\/uploads\/2026\/05\/ALLODOLA-1086x1536.jpg 1086w, https:\/\/portalescuola.comune.palermo.it\/wp-content\/uploads\/2026\/05\/ALLODOLA-1448x2048.jpg 1448w, https:\/\/portalescuola.comune.palermo.it\/wp-content\/uploads\/2026\/05\/ALLODOLA-700x990.jpg 700w, https:\/\/portalescuola.comune.palermo.it\/wp-content\/uploads\/2026\/05\/ALLODOLA-scaled.jpg 1810w\" sizes=\"(max-width: 212px) 100vw, 212px\" \/><\/a>\n\t\t\t<\/dt><\/dl><dl class='gallery-item'>\n\t\t\t<dt class='gallery-icon portrait'>\n\t\t\t\t<a href='https:\/\/portalescuola.comune.palermo.it\/wp-content\/uploads\/2026\/05\/GERMANIA-OBERDAN-scaled.jpg'><img width=\"212\" height=\"300\" src=\"https:\/\/portalescuola.comune.palermo.it\/wp-content\/uploads\/2026\/05\/GERMANIA-OBERDAN-212x300.jpg\" class=\"attachment-medium size-medium\" alt=\"\" loading=\"lazy\" srcset=\"https:\/\/portalescuola.comune.palermo.it\/wp-content\/uploads\/2026\/05\/GERMANIA-OBERDAN-212x300.jpg 212w, https:\/\/portalescuola.comune.palermo.it\/wp-content\/uploads\/2026\/05\/GERMANIA-OBERDAN-724x1024.jpg 724w, https:\/\/portalescuola.comune.palermo.it\/wp-content\/uploads\/2026\/05\/GERMANIA-OBERDAN-768x1086.jpg 768w, https:\/\/portalescuola.comune.palermo.it\/wp-content\/uploads\/2026\/05\/GERMANIA-OBERDAN-1086x1536.jpg 1086w, https:\/\/portalescuola.comune.palermo.it\/wp-content\/uploads\/2026\/05\/GERMANIA-OBERDAN-1448x2048.jpg 1448w, https:\/\/portalescuola.comune.palermo.it\/wp-content\/uploads\/2026\/05\/GERMANIA-OBERDAN-700x990.jpg 700w, https:\/\/portalescuola.comune.palermo.it\/wp-content\/uploads\/2026\/05\/GERMANIA-OBERDAN-scaled.jpg 1810w\" sizes=\"(max-width: 212px) 100vw, 212px\" \/><\/a>\n\t\t\t<\/dt><\/dl><dl class='gallery-item'>\n\t\t\t<dt class='gallery-icon portrait'>\n\t\t\t\t<a href='https:\/\/portalescuola.comune.palermo.it\/wp-content\/uploads\/2026\/05\/londina-primavera-scaled.jpg'><img width=\"212\" height=\"300\" src=\"https:\/\/portalescuola.comune.palermo.it\/wp-content\/uploads\/2026\/05\/londina-primavera-212x300.jpg\" class=\"attachment-medium size-medium\" alt=\"\" loading=\"lazy\" srcset=\"https:\/\/portalescuola.comune.palermo.it\/wp-content\/uploads\/2026\/05\/londina-primavera-212x300.jpg 212w, https:\/\/portalescuola.comune.palermo.it\/wp-content\/uploads\/2026\/05\/londina-primavera-724x1024.jpg 724w, https:\/\/portalescuola.comune.palermo.it\/wp-content\/uploads\/2026\/05\/londina-primavera-768x1086.jpg 768w, https:\/\/portalescuola.comune.palermo.it\/wp-content\/uploads\/2026\/05\/londina-primavera-1086x1536.jpg 1086w, https:\/\/portalescuola.comune.palermo.it\/wp-content\/uploads\/2026\/05\/londina-primavera-1448x2048.jpg 1448w, https:\/\/portalescuola.comune.palermo.it\/wp-content\/uploads\/2026\/05\/londina-primavera-700x990.jpg 700w, https:\/\/portalescuola.comune.palermo.it\/wp-content\/uploads\/2026\/05\/londina-primavera-scaled.jpg 1810w\" sizes=\"(max-width: 212px) 100vw, 212px\" \/><\/a>\n\t\t\t<\/dt><\/dl><br style=\"clear: both\" \/><dl class='gallery-item'>\n\t\t\t<dt class='gallery-icon portrait'>\n\t\t\t\t<a href='https:\/\/portalescuola.comune.palermo.it\/wp-content\/uploads\/2026\/05\/locandina-whitaker-scaled.jpg'><img width=\"212\" height=\"300\" src=\"https:\/\/portalescuola.comune.palermo.it\/wp-content\/uploads\/2026\/05\/locandina-whitaker-212x300.jpg\" class=\"attachment-medium size-medium\" alt=\"\" loading=\"lazy\" srcset=\"https:\/\/portalescuola.comune.palermo.it\/wp-content\/uploads\/2026\/05\/locandina-whitaker-212x300.jpg 212w, https:\/\/portalescuola.comune.palermo.it\/wp-content\/uploads\/2026\/05\/locandina-whitaker-724x1024.jpg 724w, https:\/\/portalescuola.comune.palermo.it\/wp-content\/uploads\/2026\/05\/locandina-whitaker-768x1086.jpg 768w, https:\/\/portalescuola.comune.palermo.it\/wp-content\/uploads\/2026\/05\/locandina-whitaker-1086x1536.jpg 1086w, https:\/\/portalescuola.comune.palermo.it\/wp-content\/uploads\/2026\/05\/locandina-whitaker-1448x2048.jpg 1448w, https:\/\/portalescuola.comune.palermo.it\/wp-content\/uploads\/2026\/05\/locandina-whitaker-700x990.jpg 700w, https:\/\/portalescuola.comune.palermo.it\/wp-content\/uploads\/2026\/05\/locandina-whitaker-scaled.jpg 1810w\" sizes=\"(max-width: 212px) 100vw, 212px\" \/><\/a>\n\t\t\t<\/dt><\/dl><dl class='gallery-item'>\n\t\t\t<dt class='gallery-icon portrait'>\n\t\t\t\t<a href='https:\/\/portalescuola.comune.palermo.it\/wp-content\/uploads\/2026\/05\/PETER-PAN-scaled.jpg'><img width=\"212\" height=\"300\" src=\"https:\/\/portalescuola.comune.palermo.it\/wp-content\/uploads\/2026\/05\/PETER-PAN-212x300.jpg\" class=\"attachment-medium size-medium\" alt=\"\" loading=\"lazy\" srcset=\"https:\/\/portalescuola.comune.palermo.it\/wp-content\/uploads\/2026\/05\/PETER-PAN-212x300.jpg 212w, https:\/\/portalescuola.comune.palermo.it\/wp-content\/uploads\/2026\/05\/PETER-PAN-724x1024.jpg 724w, https:\/\/portalescuola.comune.palermo.it\/wp-content\/uploads\/2026\/05\/PETER-PAN-768x1086.jpg 768w, https:\/\/portalescuola.comune.palermo.it\/wp-content\/uploads\/2026\/05\/PETER-PAN-1086x1536.jpg 1086w, https:\/\/portalescuola.comune.palermo.it\/wp-content\/uploads\/2026\/05\/PETER-PAN-1448x2048.jpg 1448w, https:\/\/portalescuola.comune.palermo.it\/wp-content\/uploads\/2026\/05\/PETER-PAN-700x990.jpg 700w, https:\/\/portalescuola.comune.palermo.it\/wp-content\/uploads\/2026\/05\/PETER-PAN-scaled.jpg 1810w\" sizes=\"(max-width: 212px) 100vw, 212px\" \/><\/a>\n\t\t\t<\/dt><\/dl><dl class='gallery-item'>\n\t\t\t<dt class='gallery-icon portrait'>\n\t\t\t\t<a href='https:\/\/portalescuola.comune.palermo.it\/wp-content\/uploads\/2026\/05\/MIMOSA-scaled.jpg'><img width=\"212\" height=\"300\" src=\"https:\/\/portalescuola.comune.palermo.it\/wp-content\/uploads\/2026\/05\/MIMOSA-212x300.jpg\" class=\"attachment-medium size-medium\" alt=\"\" loading=\"lazy\" srcset=\"https:\/\/portalescuola.comune.palermo.it\/wp-content\/uploads\/2026\/05\/MIMOSA-212x300.jpg 212w, https:\/\/portalescuola.comune.palermo.it\/wp-content\/uploads\/2026\/05\/MIMOSA-724x1024.jpg 724w, https:\/\/portalescuola.comune.palermo.it\/wp-content\/uploads\/2026\/05\/MIMOSA-768x1086.jpg 768w, https:\/\/portalescuola.comune.palermo.it\/wp-content\/uploads\/2026\/05\/MIMOSA-1086x1536.jpg 1086w, https:\/\/portalescuola.comune.palermo.it\/wp-content\/uploads\/2026\/05\/MIMOSA-1448x2048.jpg 1448w, https:\/\/portalescuola.comune.palermo.it\/wp-content\/uploads\/2026\/05\/MIMOSA-700x990.jpg 700w, https:\/\/portalescuola.comune.palermo.it\/wp-content\/uploads\/2026\/05\/MIMOSA-scaled.jpg 1810w\" sizes=\"(max-width: 212px) 100vw, 212px\" \/><\/a>\n\t\t\t<\/dt><\/dl><dl class='gallery-item'>\n\t\t\t<dt class='gallery-icon portrait'>\n\t\t\t\t<a href='https:\/\/portalescuola.comune.palermo.it\/wp-content\/uploads\/2026\/05\/GALANTE-scaled.jpg'><img width=\"212\" height=\"300\" src=\"https:\/\/portalescuola.comune.palermo.it\/wp-content\/uploads\/2026\/05\/GALANTE-212x300.jpg\" class=\"attachment-medium size-medium\" alt=\"\" loading=\"lazy\" srcset=\"https:\/\/portalescuola.comune.palermo.it\/wp-content\/uploads\/2026\/05\/GALANTE-212x300.jpg 212w, https:\/\/portalescuola.comune.palermo.it\/wp-content\/uploads\/2026\/05\/GALANTE-724x1024.jpg 724w, https:\/\/portalescuola.comune.palermo.it\/wp-content\/uploads\/2026\/05\/GALANTE-768x1086.jpg 768w, https:\/\/portalescuola.comune.palermo.it\/wp-content\/uploads\/2026\/05\/GALANTE-1086x1536.jpg 1086w, https:\/\/portalescuola.comune.palermo.it\/wp-content\/uploads\/2026\/05\/GALANTE-1448x2048.jpg 1448w, https:\/\/portalescuola.comune.palermo.it\/wp-content\/uploads\/2026\/05\/GALANTE-700x990.jpg 700w, https:\/\/portalescuola.comune.palermo.it\/wp-content\/uploads\/2026\/05\/GALANTE-scaled.jpg 1810w\" sizes=\"(max-width: 212px) 100vw, 212px\" \/><\/a>\n\t\t\t<\/dt><\/dl><br style=\"clear: both\" \/><dl class='gallery-item'>\n\t\t\t<dt class='gallery-icon portrait'>\n\t\t\t\t<a href='https:\/\/portalescuola.comune.palermo.it\/wp-content\/uploads\/2026\/05\/PERALTA-scaled.jpg'><img width=\"212\" height=\"300\" src=\"https:\/\/portalescuola.comune.palermo.it\/wp-content\/uploads\/2026\/05\/PERALTA-212x300.jpg\" class=\"attachment-medium size-medium\" alt=\"\" loading=\"lazy\" srcset=\"https:\/\/portalescuola.comune.palermo.it\/wp-content\/uploads\/2026\/05\/PERALTA-212x300.jpg 212w, https:\/\/portalescuola.comune.palermo.it\/wp-content\/uploads\/2026\/05\/PERALTA-724x1024.jpg 724w, https:\/\/portalescuola.comune.palermo.it\/wp-content\/uploads\/2026\/05\/PERALTA-768x1086.jpg 768w, https:\/\/portalescuola.comune.palermo.it\/wp-content\/uploads\/2026\/05\/PERALTA-1086x1536.jpg 1086w, https:\/\/portalescuola.comune.palermo.it\/wp-content\/uploads\/2026\/05\/PERALTA-1448x2048.jpg 1448w, https:\/\/portalescuola.comune.palermo.it\/wp-content\/uploads\/2026\/05\/PERALTA-700x990.jpg 700w, https:\/\/portalescuola.comune.palermo.it\/wp-content\/uploads\/2026\/05\/PERALTA-scaled.jpg 1810w\" sizes=\"(max-width: 212px) 100vw, 212px\" \/><\/a>\n\t\t\t<\/dt><\/dl><dl class='gallery-item'>\n\t\t\t<dt class='gallery-icon portrait'>\n\t\t\t\t<a href='https:\/\/portalescuola.comune.palermo.it\/wp-content\/uploads\/2026\/05\/locandina-draghetto-scaled.jpg'><img width=\"212\" height=\"300\" src=\"https:\/\/portalescuola.comune.palermo.it\/wp-content\/uploads\/2026\/05\/locandina-draghetto-212x300.jpg\" class=\"attachment-medium size-medium\" alt=\"\" loading=\"lazy\" srcset=\"https:\/\/portalescuola.comune.palermo.it\/wp-content\/uploads\/2026\/05\/locandina-draghetto-212x300.jpg 212w, https:\/\/portalescuola.comune.palermo.it\/wp-content\/uploads\/2026\/05\/locandina-draghetto-724x1024.jpg 724w, https:\/\/portalescuola.comune.palermo.it\/wp-content\/uploads\/2026\/05\/locandina-draghetto-768x1086.jpg 768w, https:\/\/portalescuola.comune.palermo.it\/wp-content\/uploads\/2026\/05\/locandina-draghetto-1086x1536.jpg 1086w, https:\/\/portalescuola.comune.palermo.it\/wp-content\/uploads\/2026\/05\/locandina-draghetto-1448x2048.jpg 1448w, https:\/\/portalescuola.comune.palermo.it\/wp-content\/uploads\/2026\/05\/locandina-draghetto-700x990.jpg 700w, https:\/\/portalescuola.comune.palermo.it\/wp-content\/uploads\/2026\/05\/locandina-draghetto-scaled.jpg 1810w\" sizes=\"(max-width: 212px) 100vw, 212px\" \/><\/a>\n\t\t\t<\/dt><\/dl><dl class='gallery-item'>\n\t\t\t<dt class='gallery-icon portrait'>\n\t\t\t\t<a href='https:\/\/portalescuola.comune.palermo.it\/wp-content\/uploads\/2026\/05\/TITTI-SCHOOL-scaled.jpg'><img width=\"212\" height=\"300\" src=\"https:\/\/portalescuola.comune.palermo.it\/wp-content\/uploads\/2026\/05\/TITTI-SCHOOL-212x300.jpg\" class=\"attachment-medium size-medium\" alt=\"\" loading=\"lazy\" srcset=\"https:\/\/portalescuola.comune.palermo.it\/wp-content\/uploads\/2026\/05\/TITTI-SCHOOL-212x300.jpg 212w, https:\/\/portalescuola.comune.palermo.it\/wp-content\/uploads\/2026\/05\/TITTI-SCHOOL-724x1024.jpg 724w, https:\/\/portalescuola.comune.palermo.it\/wp-content\/uploads\/2026\/05\/TITTI-SCHOOL-768x1086.jpg 768w, https:\/\/portalescuola.comune.palermo.it\/wp-content\/uploads\/2026\/05\/TITTI-SCHOOL-1086x1536.jpg 1086w, https:\/\/portalescuola.comune.palermo.it\/wp-content\/uploads\/2026\/05\/TITTI-SCHOOL-1448x2048.jpg 1448w, https:\/\/portalescuola.comune.palermo.it\/wp-content\/uploads\/2026\/05\/TITTI-SCHOOL-700x990.jpg 700w, https:\/\/portalescuola.comune.palermo.it\/wp-content\/uploads\/2026\/05\/TITTI-SCHOOL-scaled.jpg 1810w\" sizes=\"(max-width: 212px) 100vw, 212px\" \/><\/a>\n\t\t\t<\/dt><\/dl><dl class='gallery-item'>\n\t\t\t<dt class='gallery-icon portrait'>\n\t\t\t\t<a href='https:\/\/portalescuola.comune.palermo.it\/wp-content\/uploads\/2026\/05\/MONTESSORI-scaled.jpg'><img width=\"212\" height=\"300\" src=\"https:\/\/portalescuola.comune.palermo.it\/wp-content\/uploads\/2026\/05\/MONTESSORI-212x300.jpg\" class=\"attachment-medium size-medium\" alt=\"\" loading=\"lazy\" srcset=\"https:\/\/portalescuola.comune.palermo.it\/wp-content\/uploads\/2026\/05\/MONTESSORI-212x300.jpg 212w, https:\/\/portalescuola.comune.palermo.it\/wp-content\/uploads\/2026\/05\/MONTESSORI-724x1024.jpg 724w, https:\/\/portalescuola.comune.palermo.it\/wp-content\/uploads\/2026\/05\/MONTESSORI-768x1086.jpg 768w, https:\/\/portalescuola.comune.palermo.it\/wp-content\/uploads\/2026\/05\/MONTESSORI-1086x1536.jpg 1086w, https:\/\/portalescuola.comune.palermo.it\/wp-content\/uploads\/2026\/05\/MONTESSORI-1448x2048.jpg 1448w, https:\/\/portalescuola.comune.palermo.it\/wp-content\/uploads\/2026\/05\/MONTESSORI-700x990.jpg 700w, https:\/\/portalescuola.comune.palermo.it\/wp-content\/uploads\/2026\/05\/MONTESSORI-scaled.jpg 1810w\" sizes=\"(max-width: 212px) 100vw, 212px\" \/><\/a>\n\t\t\t<\/dt><\/dl><br style=\"clear: both\" \/>\n\t\t<\/div>\n\n","protected":false},"excerpt":{"rendered":"<p>In occasione della XXX edizione di \u201cPanormus. La Scuola adotta la Citt\u00e0\u201d, si riconosce il ruolo fondamentale del segmento 0-6 anni come primo tassello nel percorso di costruzione del senso di appartenenza e cittadinanza. La &#8220;Citt\u00e0 che vorrei&#8221; non pu\u00f2 prescindere dallo sguardo dei pi\u00f9&#8230;<\/p>\n","protected":false},"author":1,"featured_media":0,"parent":17500,"menu_order":0,"comment_status":"closed","ping_status":"closed","template":"","meta":[],"_links":{"self":[{"href":"https:\/\/portalescuola.comune.palermo.it\/index.php?rest_route=\/wp\/v2\/pages\/17742"}],"collection":[{"href":"https:\/\/portalescuola.comune.palermo.it\/index.php?rest_route=\/wp\/v2\/pages"}],"about":[{"href":"https:\/\/portalescuola.comune.palermo.it\/index.php?rest_route=\/wp\/v2\/types\/page"}],"author":[{"embeddable":true,"href":"https:\/\/portalescuola.comune.palermo.it\/index.php?rest_route=\/wp\/v2\/users\/1"}],"replies":[{"embeddable":true,"href":"https:\/\/portalescuola.comune.palermo.it\/index.php?rest_route=%2Fwp%2Fv2%2Fcomments&post=17742"}],"version-history":[{"count":1,"href":"https:\/\/portalescuola.comune.palermo.it\/index.php?rest_route=\/wp\/v2\/pages\/17742\/revisions"}],"predecessor-version":[{"id":17755,"href":"https:\/\/portalescuola.comune.palermo.it\/index.php?rest_route=\/wp\/v2\/pages\/17742\/revisions\/17755"}],"up":[{"embeddable":true,"href":"https:\/\/portalescuola.comune.palermo.it\/index.php?rest_route=\/wp\/v2\/pages\/17500"}],"wp:attachment":[{"href":"https:\/\/portalescuola.comune.palermo.it\/index.php?rest_route=%2Fwp%2Fv2%2Fmedia&parent=17742"}],"curies":[{"name":"wp","href":"https:\/\/api.w.org\/{rel}","templated":true}]}}